{"id":256,"date":"2021-10-20T10:07:15","date_gmt":"2021-10-20T08:07:15","guid":{"rendered":"http:\/\/localhost\/botiga\/?post_type=product&#038;p=256"},"modified":"2021-11-16T10:35:19","modified_gmt":"2021-11-16T08:35:19","slug":"bolso-mimbre-verde","status":"publish","type":"product","link":"https:\/\/codingout.cat\/coop2\/index.php\/product\/bolso-mimbre-verde\/","title":{"rendered":"Bolso Mimbre Verde"},"content":{"rendered":"<p>Impuestos inclu\u00eddos.<\/p>\n<p>Pago Contra Reembolso y env\u00edo gratis en pedidos superiores a 20 Euros, excepto a Islas Canarias<\/p>\n<ul>\n<li>50cm X 10cm X 40cm<\/li>\n<li>40 gr<\/li>\n<\/ul>\n<p><strong>Cuidado de los productos de mimbre<\/strong><\/p>\n<p>El mimbre es un material resistente y ligero, pero se puede romper si se tratan los productos con dureza. Al mimbre le afecta el agua y su aspecto puede verse perjudicado si se moja con asiduidad.<\/p>\n<p>Limpiar con un trapo ligeramente h\u00famedo<\/p>\n","protected":false},"excerpt":{"rendered":"<p>Bolso de trenzado en zigzag, realizado en mimbre tintado verde<\/p>\n<p>Ideal para lucir de d\u00eda en cualquier situaci\u00f3n, elegante y pr\u00e1ctico<\/p>\n<p>Elaborada a mano con mimbre natural<\/p>\n<p>Todos nuestros productos de mimbre se han realizado uno a uno,\u00a0 mimo, cari\u00f1o y cuidado<\/p>\n","protected":false},"featured_media":695,"comment_status":"open","ping_status":"closed","template":"","meta":[],"product_cat":[27],"product_tag":[],"_links":{"self":[{"href":"https:\/\/codingout.cat\/coop2\/index.php\/wp-json\/wp\/v2\/product\/256"}],"collection":[{"href":"https:\/\/codingout.cat\/coop2\/index.php\/wp-json\/wp\/v2\/product"}],"about":[{"href":"https:\/\/codingout.cat\/coop2\/index.php\/wp-json\/wp\/v2\/types\/product"}],"replies":[{"embeddable":true,"href":"https:\/\/codingout.cat\/coop2\/index.php\/wp-json\/wp\/v2\/comments?post=256"}],"wp:featuredmedia":[{"embeddable":true,"href":"https:\/\/codingout.cat\/coop2\/index.php\/wp-json\/wp\/v2\/media\/695"}],"wp:attachment":[{"href":"https:\/\/codingout.cat\/coop2\/index.php\/wp-json\/wp\/v2\/media?parent=256"}],"wp:term":[{"taxonomy":"product_cat","embeddable":true,"href":"https:\/\/codingout.cat\/coop2\/index.php\/wp-json\/wp\/v2\/product_cat?post=256"},{"taxonomy":"product_tag","embeddable":true,"href":"https:\/\/codingout.cat\/coop2\/index.php\/wp-json\/wp\/v2\/product_tag?post=256"}],"curies":[{"name":"wp","href":"https:\/\/api.w.org\/{rel}","templated":true}]}}