{"id":233,"date":"2021-10-18T12:22:59","date_gmt":"2021-10-18T10:22:59","guid":{"rendered":"http:\/\/localhost\/botiga\/?post_type=product&#038;p=233"},"modified":"2021-11-16T10:49:06","modified_gmt":"2021-11-16T08:49:06","slug":"vela-concha","status":"publish","type":"product","link":"https:\/\/codingout.cat\/coop2\/index.php\/product\/vela-concha\/","title":{"rendered":"Vela Concha"},"content":{"rendered":"<p>Impuestos inclu\u00eddos.<\/p>\n<p>Pago Contra Reembolos y envio grat\u00eds en pedidos superiores a 20 Euros, excepto a Islas Canarias<\/p>\n<ul>\n<li>6cm X 4,5cm<\/li>\n<li>Cera de Soja 100% natural sin perfume<\/li>\n<\/ul>\n<p><strong>Cuidado de las Velas<\/strong><\/p>\n<p>Mientras no est\u00e9 encendida, mantener la vela alejada de fuentes de calor y luz solar para mantener su forma y y color<\/p>\n<p>Si decide quemar su vela decorativa, asegur\u00e9se de colocarla en un plato resistente al calor en una superficie nivelada.<\/p>\n<p><em><strong>Recomedamos nuestros posavasos de terrazo como el ideal para este prop\u00f3sito<\/strong><\/em><\/p>\n<p>Debido a sus formas irregulares se fundir\u00e1 irregularmente, siendo estos res\u00edduos completamente biodegradables<\/p>\n<p>Personalmente nos encantan sus transformaciones al fundirse, creando un espect\u00e1culo \u00fanico en cada vela, \u00edntimo y personal.<\/p>\n<p>\u00a1Disfr\u00fatelos!<\/p>\n","protected":false},"excerpt":{"rendered":"<p>La m\u00e1s elegante de nuestras velas; decora con clase y estilo cualquier espacio de tu hogar o tu lugar de trabajo.<\/p>\n<p>Creadas a mano de forma artesanal con cera natural de soja, biodegradable y ecol\u00f3gica<\/p>\n<p>Todas nuestras velas han sido dise\u00f1adas y elaboradas principalmente para uso decorativo.<\/p>\n<p>&nbsp;<\/p>\n","protected":false},"featured_media":1024,"comment_status":"open","ping_status":"closed","template":"","meta":[],"product_cat":[25],"product_tag":[],"_links":{"self":[{"href":"https:\/\/codingout.cat\/coop2\/index.php\/wp-json\/wp\/v2\/product\/233"}],"collection":[{"href":"https:\/\/codingout.cat\/coop2\/index.php\/wp-json\/wp\/v2\/product"}],"about":[{"href":"https:\/\/codingout.cat\/coop2\/index.php\/wp-json\/wp\/v2\/types\/product"}],"replies":[{"embeddable":true,"href":"https:\/\/codingout.cat\/coop2\/index.php\/wp-json\/wp\/v2\/comments?post=233"}],"wp:featuredmedia":[{"embeddable":true,"href":"https:\/\/codingout.cat\/coop2\/index.php\/wp-json\/wp\/v2\/media\/1024"}],"wp:attachment":[{"href":"https:\/\/codingout.cat\/coop2\/index.php\/wp-json\/wp\/v2\/media?parent=233"}],"wp:term":[{"taxonomy":"product_cat","embeddable":true,"href":"https:\/\/codingout.cat\/coop2\/index.php\/wp-json\/wp\/v2\/product_cat?post=233"},{"taxonomy":"product_tag","embeddable":true,"href":"https:\/\/codingout.cat\/coop2\/index.php\/wp-json\/wp\/v2\/product_tag?post=233"}],"curies":[{"name":"wp","href":"https:\/\/api.w.org\/{rel}","templated":true}]}}