{"id":245,"date":"2021-10-19T12:16:12","date_gmt":"2021-10-19T10:16:12","guid":{"rendered":"http:\/\/localhost\/botiga\/?page_id=245"},"modified":"2021-11-30T10:31:13","modified_gmt":"2021-11-30T08:31:13","slug":"objetivos","status":"publish","type":"page","link":"https:\/\/codingout.cat\/coop2\/index.php\/objetivos\/","title":{"rendered":"FILOSOF\u00cdA DE NEGOCIO"},"content":{"rendered":"<p>&nbsp;<\/p>\n<div class=\"su-divider su-divider-style-default\" style=\"margin:5px 0;border-width:1px;border-color:#999999\"><\/div>\n<p>Nuestra filosof\u00eda de negocio es:<\/p>\n<ol>\n<li>Establecer una relaci\u00f3n de confianza, personalizada y primando el cuidado en el trato y el servicio a nuestros clientes.<\/li>\n<li>Que la calidad de nuestros productos sea siempre la m\u00e1xima, siendo a su vez fieles a nuestros Principios y Valores de Sostenibilidad y Ecolog\u00edsmo, procesos de productivos artesanales, y materias primas 100% Naturales y Biodegradable.<\/li>\n<li>Ofrecer un Servicio de entrega r\u00e1pido y eficaz, a la vez que garantizamos las Politicas de Devoluci\u00f3n con est\u00e1ndares de la Union Europea. As\u00edmismo, que el procedimiento de pago sea 100% seguro y con retorno del dinero en caso de devoluci\u00f3n del producto.<\/li>\n<li>Ser referencia entre nuestros clientes y competidores tanto por nuestros productos, como por nuestra filosof\u00eda y servicio.<\/li>\n<\/ol>\n<p>&nbsp;<\/p>\n<div class=\"su-divider su-divider-style-default\" style=\"margin:5px 0;border-width:1px;border-color:#999999\"><\/div>\n","protected":false},"excerpt":{"rendered":"<p>&nbsp; Nuestra filosof\u00eda de negocio es: Establecer una relaci\u00f3n de confianza, personalizada y primando el cuidado en el trato y el servicio a nuestros clientes. Que la calidad de nuestros productos sea siempre la m\u00e1xima, siendo a su vez fieles a nuestros Principios y Valores de Sostenibilidad y Ecolog\u00edsmo, procesos de productivos artesanales, y materias &#8230; <a title=\"FILOSOF\u00cdA DE NEGOCIO\" class=\"read-more\" href=\"https:\/\/codingout.cat\/coop2\/index.php\/objetivos\/\" aria-label=\"M\u00e1s en FILOSOF\u00cdA DE NEGOCIO\">Leer m\u00e1s<\/a><\/p>\n","protected":false},"author":1,"featured_media":0,"parent":0,"menu_order":0,"comment_status":"closed","ping_status":"closed","template":"","meta":[],"_links":{"self":[{"href":"https:\/\/codingout.cat\/coop2\/index.php\/wp-json\/wp\/v2\/pages\/245"}],"collection":[{"href":"https:\/\/codingout.cat\/coop2\/index.php\/wp-json\/wp\/v2\/pages"}],"about":[{"href":"https:\/\/codingout.cat\/coop2\/index.php\/wp-json\/wp\/v2\/types\/page"}],"author":[{"embeddable":true,"href":"https:\/\/codingout.cat\/coop2\/index.php\/wp-json\/wp\/v2\/users\/1"}],"replies":[{"embeddable":true,"href":"https:\/\/codingout.cat\/coop2\/index.php\/wp-json\/wp\/v2\/comments?post=245"}],"version-history":[{"count":9,"href":"https:\/\/codingout.cat\/coop2\/index.php\/wp-json\/wp\/v2\/pages\/245\/revisions"}],"predecessor-version":[{"id":1366,"href":"https:\/\/codingout.cat\/coop2\/index.php\/wp-json\/wp\/v2\/pages\/245\/revisions\/1366"}],"wp:attachment":[{"href":"https:\/\/codingout.cat\/coop2\/index.php\/wp-json\/wp\/v2\/media?parent=245"}],"curies":[{"name":"wp","href":"https:\/\/api.w.org\/{rel}","templated":true}]}}