{"id":166,"date":"2021-09-30T12:18:45","date_gmt":"2021-09-30T10:18:45","guid":{"rendered":"http:\/\/localhost\/wp\/?page_id=147"},"modified":"2021-11-30T10:32:47","modified_gmt":"2021-11-30T08:32:47","slug":"principios-y-valores","status":"publish","type":"page","link":"https:\/\/codingout.cat\/coop2\/index.php\/principios-y-valores\/","title":{"rendered":"PRINCIPIOS Y VALORES"},"content":{"rendered":"<p>&nbsp;<\/p>\n<div class=\"su-divider su-divider-style-default\" style=\"margin:5px 0;border-width:1px;border-color:#999999\"><\/div>\n<p>Somos\u00a0 un grupo de personas emprendedoras totalmente concienzados con los<strong> Principios y Valores<\/strong> recogidos en los acuerdos de<strong> Naciones Unidas<\/strong> conocidos como <em>Agenda 2030 para la Sostenibilidad y Protecci\u00f3n del Medio Ambiente<\/em>.<\/p>\n<p>Por eso nuestra tienda y nuestros productos est\u00e1n plenamente en concordancia con esta conciencia ecol\u00f3gica, y reflejan los conceptos de sostenibilidad de cualquier proceso productivo de nuestro taller, materias primas totalmente naturales, residuos 100% Biodegradables (ya sean aquellos que resultan de las tareas de elaboraci\u00f3n como del mismo producto una vez finalizada su vida \u00fatil).<\/p>\n<p>Estamos orgullosos que estos Principios y Valores sean se\u00f1a de identidad de nuestro negocio<\/p>\n<div class=\"su-divider su-divider-style-default\" style=\"margin:5px 0;border-width:1px;border-color:#999999\"><\/div>\n","protected":false},"excerpt":{"rendered":"<p>&nbsp; Somos\u00a0 un grupo de personas emprendedoras totalmente concienzados con los Principios y Valores recogidos en los acuerdos de Naciones Unidas conocidos como Agenda 2030 para la Sostenibilidad y Protecci\u00f3n del Medio Ambiente. Por eso nuestra tienda y nuestros productos est\u00e1n plenamente en concordancia con esta conciencia ecol\u00f3gica, y reflejan los conceptos de sostenibilidad de &#8230; <a title=\"PRINCIPIOS Y VALORES\" class=\"read-more\" href=\"https:\/\/codingout.cat\/coop2\/index.php\/principios-y-valores\/\" aria-label=\"M\u00e1s en PRINCIPIOS Y VALORES\">Leer m\u00e1s<\/a><\/p>\n","protected":false},"author":1,"featured_media":0,"parent":0,"menu_order":0,"comment_status":"closed","ping_status":"closed","template":"","meta":[],"_links":{"self":[{"href":"https:\/\/codingout.cat\/coop2\/index.php\/wp-json\/wp\/v2\/pages\/166"}],"collection":[{"href":"https:\/\/codingout.cat\/coop2\/index.php\/wp-json\/wp\/v2\/pages"}],"about":[{"href":"https:\/\/codingout.cat\/coop2\/index.php\/wp-json\/wp\/v2\/types\/page"}],"author":[{"embeddable":true,"href":"https:\/\/codingout.cat\/coop2\/index.php\/wp-json\/wp\/v2\/users\/1"}],"replies":[{"embeddable":true,"href":"https:\/\/codingout.cat\/coop2\/index.php\/wp-json\/wp\/v2\/comments?post=166"}],"version-history":[{"count":10,"href":"https:\/\/codingout.cat\/coop2\/index.php\/wp-json\/wp\/v2\/pages\/166\/revisions"}],"predecessor-version":[{"id":1367,"href":"https:\/\/codingout.cat\/coop2\/index.php\/wp-json\/wp\/v2\/pages\/166\/revisions\/1367"}],"wp:attachment":[{"href":"https:\/\/codingout.cat\/coop2\/index.php\/wp-json\/wp\/v2\/media?parent=166"}],"curies":[{"name":"wp","href":"https:\/\/api.w.org\/{rel}","templated":true}]}}