{"id":165,"date":"2021-09-30T12:15:14","date_gmt":"2021-09-30T10:15:14","guid":{"rendered":"http:\/\/localhost\/wp\/?page_id=145"},"modified":"2021-11-30T10:29:31","modified_gmt":"2021-11-30T08:29:31","slug":"contacta-con-naturanna","status":"publish","type":"page","link":"https:\/\/codingout.cat\/coop2\/index.php\/contacta-con-naturanna\/","title":{"rendered":"CONTACTA CON NATURANNA"},"content":{"rendered":"<p>&nbsp;<\/p>\n<div class=\"su-divider su-divider-style-default\" style=\"margin:5px 0;border-width:1px;border-color:#999999\"><\/div>\n<p>En <em><strong>NATURANNA<\/strong><\/em>\u00a0 el contacto directo y fluido con nuestros clientes es una de nuestras prioridades.<\/p>\n<p>Contacta con nosotros y te responderemos en menos de 48 horas<\/p>\n<div role=\"form\" class=\"wpcf7\" id=\"wpcf7-f430-o1\" lang=\"ca\" dir=\"ltr\">\n<div class=\"screen-reader-response\"><p role=\"status\" aria-live=\"polite\" aria-atomic=\"true\"><\/p> <ul><\/ul><\/div>\n<form action=\"\/coop2\/index.php\/wp-json\/wp\/v2\/pages\/165#wpcf7-f430-o1\" method=\"post\" class=\"wpcf7-form init\" novalidate=\"novalidate\" data-status=\"init\">\n<div style=\"display: none;\">\n<input type=\"hidden\" name=\"_wpcf7\" value=\"430\" \/>\n<input type=\"hidden\" name=\"_wpcf7_version\" value=\"5.4.2\" \/>\n<input type=\"hidden\" name=\"_wpcf7_locale\" value=\"ca\" \/>\n<input type=\"hidden\" name=\"_wpcf7_unit_tag\" value=\"wpcf7-f430-o1\" \/>\n<input type=\"hidden\" name=\"_wpcf7_container_post\" value=\"0\" \/>\n<input type=\"hidden\" name=\"_wpcf7_posted_data_hash\" value=\"\" \/>\n<\/div>\n<p><label> Tu Nombre<br \/>\n    <span class=\"wpcf7-form-control-wrap Your-Name\"><input type=\"text\" name=\"Your-Name\" value=\"\" size=\"40\" class=\"wpcf7-form-control wpcf7-text wpcf7-validates-as-required\" aria-required=\"true\" aria-invalid=\"false\" \/><\/span> <\/label><\/p>\n<p><label> Tu Email<br \/>\n    <span class=\"wpcf7-form-control-wrap Your-Email\"><input type=\"email\" name=\"Your-Email\" value=\"\" size=\"40\" class=\"wpcf7-form-control wpcf7-text wpcf7-email wpcf7-validates-as-required wpcf7-validates-as-email\" aria-required=\"true\" aria-invalid=\"false\" \/><\/span> <\/label><\/p>\n<p><label> Asunto<br \/>\n    <span class=\"wpcf7-form-control-wrap Your-Subject\"><input type=\"text\" name=\"Your-Subject\" value=\"\" size=\"40\" class=\"wpcf7-form-control wpcf7-text wpcf7-validates-as-required\" aria-required=\"true\" aria-invalid=\"false\" \/><\/span> <\/label><\/p>\n<p><label> Mensaje(opcional)<br \/>\n    <span class=\"wpcf7-form-control-wrap your-message\"><textarea name=\"your-message\" cols=\"40\" rows=\"10\" class=\"wpcf7-form-control wpcf7-textarea\" aria-invalid=\"false\"><\/textarea><\/span> <\/label><\/p>\n<p><input type=\"submit\" value=\"Enviar\" class=\"wpcf7-form-control wpcf7-submit\" \/><\/p>\n<div class=\"wpcf7-response-output\" aria-hidden=\"true\"><\/div><\/form><\/div>\n<p>Puedes contactarnos tambien directamente por los siguientes medios:<\/p>\n<ul>\n<li>Correo Electr\u00f3nico: <strong>atencionalcliente@naturanna.com<\/strong><\/li>\n<li>Tel\u00e9fono Informaci\u00f3n y Atenci\u00f3n al Cliente: <strong>931234567<\/strong><\/li>\n<li>Whatsapp\/Telegram: <strong>123 45 67<\/strong><\/li>\n<\/ul>\n<p>&nbsp;<\/p>\n<div class=\"su-divider su-divider-style-default\" style=\"margin:5px 0;border-width:1px;border-color:#999999\"><\/div>\n","protected":false},"excerpt":{"rendered":"<p>&nbsp; En NATURANNA\u00a0 el contacto directo y fluido con nuestros clientes es una de nuestras prioridades. Contacta con nosotros y te responderemos en menos de 48 horas Puedes contactarnos tambien directamente por los siguientes medios: Correo Electr\u00f3nico: atencionalcliente@naturanna.com Tel\u00e9fono Informaci\u00f3n y Atenci\u00f3n al Cliente: 931234567 Whatsapp\/Telegram: 123 45 67 &nbsp;<\/p>\n","protected":false},"author":1,"featured_media":0,"parent":0,"menu_order":0,"comment_status":"closed","ping_status":"closed","template":"","meta":[],"_links":{"self":[{"href":"https:\/\/codingout.cat\/coop2\/index.php\/wp-json\/wp\/v2\/pages\/165"}],"collection":[{"href":"https:\/\/codingout.cat\/coop2\/index.php\/wp-json\/wp\/v2\/pages"}],"about":[{"href":"https:\/\/codingout.cat\/coop2\/index.php\/wp-json\/wp\/v2\/types\/page"}],"author":[{"embeddable":true,"href":"https:\/\/codingout.cat\/coop2\/index.php\/wp-json\/wp\/v2\/users\/1"}],"replies":[{"embeddable":true,"href":"https:\/\/codingout.cat\/coop2\/index.php\/wp-json\/wp\/v2\/comments?post=165"}],"version-history":[{"count":14,"href":"https:\/\/codingout.cat\/coop2\/index.php\/wp-json\/wp\/v2\/pages\/165\/revisions"}],"predecessor-version":[{"id":1363,"href":"https:\/\/codingout.cat\/coop2\/index.php\/wp-json\/wp\/v2\/pages\/165\/revisions\/1363"}],"wp:attachment":[{"href":"https:\/\/codingout.cat\/coop2\/index.php\/wp-json\/wp\/v2\/media?parent=165"}],"curies":[{"name":"wp","href":"https:\/\/api.w.org\/{rel}","templated":true}]}}