{"id":163,"date":"2021-09-27T11:00:52","date_gmt":"2021-09-27T09:00:52","guid":{"rendered":"http:\/\/localhost\/wp\/?page_id=60"},"modified":"2021-11-30T12:42:07","modified_gmt":"2021-11-30T10:42:07","slug":"descripcion-de-productos","status":"publish","type":"page","link":"https:\/\/codingout.cat\/coop2\/index.php\/descripcion-de-productos\/","title":{"rendered":"DESCRIPCI\u00d3N NUESTROS PRODUCTOS"},"content":{"rendered":"<p>&nbsp;<\/p>\n<div class=\"su-divider su-divider-style-default\" style=\"margin:5px 0;border-width:1px;border-color:#999999\"><\/div>\n<p><strong>VELAS NATURALES:<\/strong> Velas\u00a0 hechas a manos , una a una, de forma artesanal mediante el m\u00e9todo de vertido en molde. Siendo de las denominadas <em>\u00abVeganas\u00bb, <\/em>est\u00e1n alboradas a partir de <em>Cera de Soja de alto Punto de Fusi\u00f3n. <\/em><\/p>\n<p>Disponibles en una gran cantidad de de formas, tama\u00f1os , colores y aromas naturales para satisfacer los gustos de cualquier cliente.<\/p>\n<p>Fabricadas seg\u00fan la filosof\u00eda de elaboraci\u00f3n Sostenible, respetuosa con el Medio Ambiente y Residuos totalmente Biodegadables<\/p>\n<div class=\"su-divider su-divider-style-default\" style=\"margin:5px 0;border-width:1px;border-color:#999999\"><\/div>\n<p style=\"text-align: left;\"><strong>CER\u00c1MICA DE TERRAZO: <\/strong>Ampl\u00edsimo catalogo de platillos, vasijas, cuencos , jarrones, resposavelas, posavasos y muchos m\u00e1s tipos de piezas de decoraci\u00f3n; elaborados individualmente y de forma artesanal.<\/p>\n<p>Cualquier dise\u00f1o solicitido por el cliente se puede elaborar, eligiendo formas, tama\u00f1os, colores y decoraci\u00f3n de la pieza.<\/p>\n<p>Moldeadas a partir de terrazo del tipo \u00abJesmonite\u00bb en base a resina versatil m\u00e1s agua y arcillas libres de disolvente, materiales totalmente naturales y biodegradables.<\/p>\n<p>Cada pieza es moldeada y decorada de forma \u00fanica y diferente con tintes y pigmentaci\u00f3n naturalesy jaspeados de virutas provenientes del mismo proceso de modelado.<\/p>\n<p>Son el complemento ideal de las Velas\u00a0 para decorar de forma \u00fanica cualquier espacio o estancia<strong>\u00a0<\/strong><\/p>\n<div class=\"su-divider su-divider-style-default\" style=\"margin:5px 0;border-width:1px;border-color:#999999\"><\/div>\n<p style=\"text-align: left;\"><strong>CESTER\u00cdA Y BOLSOS DE MIMBRE:<\/strong> Productos elaborados de forma manual y artesanal, uno a uno,\u00a0 con dise\u00f1os exclusivos e irrepetibles.<\/p>\n<p>Incluso a petici\u00f3n expresa del cliente, pudiendo elegir las caracter\u00edsticas del producto que desea.<\/p>\n<p>Tama\u00f1os desde miniaturas hasta extragrandes; colores, dise\u00f1os y tipos de mimbre entre la amplia variedad de productos de cesteria y bolsos.<\/p>\n<div class=\"su-divider su-divider-style-default\" style=\"margin:5px 0;border-width:1px;border-color:#999999\"><\/div>\n<p>&nbsp;<\/p>\n<p style=\"text-align: right;\"><strong>\u00a0<\/strong><\/p>\n<p>&nbsp;<\/p>\n<p>&nbsp;<\/p>\n","protected":false},"excerpt":{"rendered":"<p>&nbsp; VELAS NATURALES: Velas\u00a0 hechas a manos , una a una, de forma artesanal mediante el m\u00e9todo de vertido en molde. Siendo de las denominadas \u00abVeganas\u00bb, est\u00e1n alboradas a partir de Cera de Soja de alto Punto de Fusi\u00f3n. Disponibles en una gran cantidad de de formas, tama\u00f1os , colores y aromas naturales para satisfacer &#8230; <a title=\"DESCRIPCI\u00d3N NUESTROS PRODUCTOS\" class=\"read-more\" href=\"https:\/\/codingout.cat\/coop2\/index.php\/descripcion-de-productos\/\" aria-label=\"M\u00e1s en DESCRIPCI\u00d3N NUESTROS PRODUCTOS\">Leer m\u00e1s<\/a><\/p>\n","protected":false},"author":1,"featured_media":0,"parent":0,"menu_order":0,"comment_status":"closed","ping_status":"closed","template":"","meta":[],"_links":{"self":[{"href":"https:\/\/codingout.cat\/coop2\/index.php\/wp-json\/wp\/v2\/pages\/163"}],"collection":[{"href":"https:\/\/codingout.cat\/coop2\/index.php\/wp-json\/wp\/v2\/pages"}],"about":[{"href":"https:\/\/codingout.cat\/coop2\/index.php\/wp-json\/wp\/v2\/types\/page"}],"author":[{"embeddable":true,"href":"https:\/\/codingout.cat\/coop2\/index.php\/wp-json\/wp\/v2\/users\/1"}],"replies":[{"embeddable":true,"href":"https:\/\/codingout.cat\/coop2\/index.php\/wp-json\/wp\/v2\/comments?post=163"}],"version-history":[{"count":14,"href":"https:\/\/codingout.cat\/coop2\/index.php\/wp-json\/wp\/v2\/pages\/163\/revisions"}],"predecessor-version":[{"id":1371,"href":"https:\/\/codingout.cat\/coop2\/index.php\/wp-json\/wp\/v2\/pages\/163\/revisions\/1371"}],"wp:attachment":[{"href":"https:\/\/codingout.cat\/coop2\/index.php\/wp-json\/wp\/v2\/media?parent=163"}],"curies":[{"name":"wp","href":"https:\/\/api.w.org\/{rel}","templated":true}]}}