{"id":159,"date":"2021-09-24T10:40:16","date_gmt":"2021-09-24T08:40:16","guid":{"rendered":"http:\/\/localhost\/wp\/?page_id=14"},"modified":"2021-11-30T10:28:44","modified_gmt":"2021-11-30T08:28:44","slug":"quienes-somos","status":"publish","type":"page","link":"https:\/\/codingout.cat\/coop2\/index.php\/quienes-somos\/","title":{"rendered":"QUIENES SOMOS"},"content":{"rendered":"<p>&nbsp;<\/p>\n<div class=\"su-divider su-divider-style-default\" style=\"margin:20px 0;border-width:1px;border-color:#999999\"><\/div>\n<p>Somos una tienda de venta por internet de productos de elaboraci\u00f3n artesanal propia mediante procesos totalmente respetuosos con el Medio Ambiente utilizando para\u00a0 ello materias primas naturales.<\/p>\n<p>Fundada en <em><strong>Arenys de Munt ( Barcelona)<\/strong><\/em> hace 2 a\u00f1os por un peque\u00f1o grupo de emprendedores concienciados con la necesidad de recuperar la forma de trabajar artesanal combinada con la conciencia ecol\u00f3gica. Todo ello compatible con la mejor calidad y servicio al cliente.<\/p>\n<p>El especial entorno de la comarca del Maresme, donde se abrazan el mar y la monta\u00f1a, ha inspirado desde el comienzo nuestra forma de trabajar. Por ello, nuestros productos refeljan a la perfecci\u00f3n nuestros Valores y Principios , con los que estamos plenamente comprometidos.<\/p>\n<p>Los procesos de fabricaci\u00f3n seguidos en<em><strong> NATURANNA<\/strong><\/em> est\u00e1n basados integramente en los conceptos de Sostenibilidad, Respeto al Entorno Natural y Residuos Biodegradables al 100%. La elaboraci\u00f3n de todos nuestros productos es artesanal, propia e individualizada.<\/p>\n<p>Ofrecemos un amplia variedad de productos, distribuidos en cat\u00e1logos por tipo de producto, para dar calor y armon\u00eda a su hogar, sus espacios de descanso, ocio y trabajo, decor\u00e1ndolos con estilo y la elegancia basada en la propia Naturaleza.<\/p>\n<p>Nuestras creaciones son \u00fanicas, dise\u00f1adas y elaboradas con todo el amor, cari\u00f1o y dedicaci\u00f3n que los m\u00e9todos artesanales de toda la vida ofrecen<\/p>\n<div class=\"su-divider su-divider-style-default\" style=\"margin:5px 0;border-width:1px;border-color:#999999\"><\/div>\n<div class=\"su-image-carousel  su-image-carousel-columns-2 su-image-carousel-crop su-image-carousel-crop-2-1 su-image-carousel-has-outline su-image-carousel-adaptive su-image-carousel-slides-style-default su-image-carousel-controls-style-dark su-image-carousel-align-center\" style=\"\" data-flickity-options='{\"groupCells\":true,\"cellSelector\":\".su-image-carousel-item\",\"adaptiveHeight\":false,\"cellAlign\":\"left\",\"prevNextButtons\":true,\"pageDots\":false,\"autoPlay\":5000,\"imagesLoaded\":true,\"contain\":true,\"selectedAttraction\":0.025000000000000001,\"friction\":0.28000000000000003}' id=\"su_image_carousel_69d2891c88c33\"><div class=\"su-image-carousel-item\"><div class=\"su-image-carousel-item-content\"><img width=\"2560\" height=\"1920\" src=\"https:\/\/codingout.cat\/coop2\/wp-content\/uploads\/2021\/11\/170622-Taller-cistelleria-06-scaled-2.jpg\" class=\"\" alt=\"\" loading=\"lazy\" srcset=\"https:\/\/codingout.cat\/coop2\/wp-content\/uploads\/2021\/11\/170622-Taller-cistelleria-06-scaled-2.jpg 2560w, https:\/\/codingout.cat\/coop2\/wp-content\/uploads\/2021\/11\/170622-Taller-cistelleria-06-scaled-2-300x225.jpg 300w, https:\/\/codingout.cat\/coop2\/wp-content\/uploads\/2021\/11\/170622-Taller-cistelleria-06-scaled-2-1024x768.jpg 1024w, https:\/\/codingout.cat\/coop2\/wp-content\/uploads\/2021\/11\/170622-Taller-cistelleria-06-scaled-2-768x576.jpg 768w, https:\/\/codingout.cat\/coop2\/wp-content\/uploads\/2021\/11\/170622-Taller-cistelleria-06-scaled-2-1536x1152.jpg 1536w, https:\/\/codingout.cat\/coop2\/wp-content\/uploads\/2021\/11\/170622-Taller-cistelleria-06-scaled-2-2048x1536.jpg 2048w, https:\/\/codingout.cat\/coop2\/wp-content\/uploads\/2021\/11\/170622-Taller-cistelleria-06-scaled-2-600x450.jpg 600w\" sizes=\"(max-width: 2560px) 100vw, 2560px\" \/><\/div><\/div><div class=\"su-image-carousel-item\"><div class=\"su-image-carousel-item-content\"><img width=\"300\" height=\"300\" src=\"https:\/\/codingout.cat\/coop2\/wp-content\/uploads\/2021\/11\/150625-Cistelleria-09-300x300-2.jpg\" class=\"\" alt=\"\" loading=\"lazy\" srcset=\"https:\/\/codingout.cat\/coop2\/wp-content\/uploads\/2021\/11\/150625-Cistelleria-09-300x300-2.jpg 300w, https:\/\/codingout.cat\/coop2\/wp-content\/uploads\/2021\/11\/150625-Cistelleria-09-300x300-2-150x150.jpg 150w, https:\/\/codingout.cat\/coop2\/wp-content\/uploads\/2021\/11\/150625-Cistelleria-09-300x300-2-100x100.jpg 100w\" sizes=\"(max-width: 300px) 100vw, 300px\" \/><\/div><\/div><div class=\"su-image-carousel-item\"><div class=\"su-image-carousel-item-content\"><img width=\"272\" height=\"182\" src=\"https:\/\/codingout.cat\/coop2\/wp-content\/uploads\/2021\/11\/170622-Taller-cistelleria-02-272x182-2.jpg\" class=\"\" alt=\"\" loading=\"lazy\" \/><\/div><\/div><div class=\"su-image-carousel-item\"><div class=\"su-image-carousel-item-content\"><img width=\"1024\" height=\"693\" src=\"https:\/\/codingout.cat\/coop2\/wp-content\/uploads\/2021\/11\/180616-Cistelleria-01-1024x693-2.jpg\" class=\"\" alt=\"\" loading=\"lazy\" srcset=\"https:\/\/codingout.cat\/coop2\/wp-content\/uploads\/2021\/11\/180616-Cistelleria-01-1024x693-2.jpg 1024w, https:\/\/codingout.cat\/coop2\/wp-content\/uploads\/2021\/11\/180616-Cistelleria-01-1024x693-2-300x203.jpg 300w, https:\/\/codingout.cat\/coop2\/wp-content\/uploads\/2021\/11\/180616-Cistelleria-01-1024x693-2-768x520.jpg 768w, https:\/\/codingout.cat\/coop2\/wp-content\/uploads\/2021\/11\/180616-Cistelleria-01-1024x693-2-600x406.jpg 600w\" sizes=\"(max-width: 1024px) 100vw, 1024px\" \/><\/div><\/div><\/div><script id=\"su_image_carousel_69d2891c88c33_script\">if(window.SUImageCarousel){setTimeout(function() {window.SUImageCarousel.initGallery(document.getElementById(\"su_image_carousel_69d2891c88c33\"))}, 0);}var su_image_carousel_69d2891c88c33_script=document.getElementById(\"su_image_carousel_69d2891c88c33_script\");if(su_image_carousel_69d2891c88c33_script){su_image_carousel_69d2891c88c33_script.parentNode.removeChild(su_image_carousel_69d2891c88c33_script);}<\/script>\n<p>&nbsp;<\/p>\n<div class=\"su-divider su-divider-style-default\" style=\"margin:5px 0;border-width:1px;border-color:#999999\"><\/div>\n","protected":false},"excerpt":{"rendered":"<p>&nbsp; Somos una tienda de venta por internet de productos de elaboraci\u00f3n artesanal propia mediante procesos totalmente respetuosos con el Medio Ambiente utilizando para\u00a0 ello materias primas naturales. Fundada en Arenys de Munt ( Barcelona) hace 2 a\u00f1os por un peque\u00f1o grupo de emprendedores concienciados con la necesidad de recuperar la forma de trabajar artesanal &#8230; <a title=\"QUIENES SOMOS\" class=\"read-more\" href=\"https:\/\/codingout.cat\/coop2\/index.php\/quienes-somos\/\" aria-label=\"M\u00e1s en QUIENES SOMOS\">Leer m\u00e1s<\/a><\/p>\n","protected":false},"author":1,"featured_media":0,"parent":0,"menu_order":0,"comment_status":"closed","ping_status":"closed","template":"","meta":[],"_links":{"self":[{"href":"https:\/\/codingout.cat\/coop2\/index.php\/wp-json\/wp\/v2\/pages\/159"}],"collection":[{"href":"https:\/\/codingout.cat\/coop2\/index.php\/wp-json\/wp\/v2\/pages"}],"about":[{"href":"https:\/\/codingout.cat\/coop2\/index.php\/wp-json\/wp\/v2\/types\/page"}],"author":[{"embeddable":true,"href":"https:\/\/codingout.cat\/coop2\/index.php\/wp-json\/wp\/v2\/users\/1"}],"replies":[{"embeddable":true,"href":"https:\/\/codingout.cat\/coop2\/index.php\/wp-json\/wp\/v2\/comments?post=159"}],"version-history":[{"count":13,"href":"https:\/\/codingout.cat\/coop2\/index.php\/wp-json\/wp\/v2\/pages\/159\/revisions"}],"predecessor-version":[{"id":1362,"href":"https:\/\/codingout.cat\/coop2\/index.php\/wp-json\/wp\/v2\/pages\/159\/revisions\/1362"}],"wp:attachment":[{"href":"https:\/\/codingout.cat\/coop2\/index.php\/wp-json\/wp\/v2\/media?parent=159"}],"curies":[{"name":"wp","href":"https:\/\/api.w.org\/{rel}","templated":true}]}}