{"id":276,"date":"2021-11-03T12:22:50","date_gmt":"2021-11-03T10:22:50","guid":{"rendered":"http:\/\/localhost\/web\/?post_type=product&#038;p=276"},"modified":"2021-11-16T12:07:39","modified_gmt":"2021-11-16T10:07:39","slug":"novel%c2%b7la-ficcio-en-castella-el-cielo-no-me-interesa","status":"publish","type":"product","link":"https:\/\/codingout.cat\/coop1\/producte\/novel%c2%b7la-ficcio-en-castella-el-cielo-no-me-interesa\/","title":{"rendered":"NOVEL\u00b7LA FICCI\u00d3: EL CIELO NO ME INTERESA"},"content":{"rendered":"<p>SINOPSIS<\/p>\n<p>El cielo no me interesa es una historia que nos habla del deseo y de la abolici\u00f3n de los escr\u00fapulos y los estereotipos, tanto de los individuales como los colectivos. La libertad, la justicia, el odio, la inseguridad y la reivindicaci\u00f3n por ser ella misma, son emociones que experimentar\u00e1 nuestra protagonista, desliz\u00e1ndose entre los puntos cardinales de su existencia.<br \/>\nLa vida de una agente de polic\u00eda se rompe en mil pedazos cuando se ve involucrada en un atraco a mano armada. A consecuencia de su intervenci\u00f3n, mata a dos atracadores y es procesada y condenada. Es la primera agente femenina del pa\u00eds que se encuentra en esta situaci\u00f3n.<br \/>\nSu entrada en prisi\u00f3n abre muchos interrogantes, pero nuestra protagonista es una mujer con una serie de recursos que sabr\u00e1 utilizar.<br \/>\nCon lo que no contaba es que ser\u00e1 dentro de la c\u00e1rcel donde conocer\u00e1 el amor verdadero\u2026<\/p>\n","protected":false},"excerpt":{"rendered":"<p>SINOPSIS El cielo no me interesa es una historia que nos habla del deseo y de la abolici\u00f3n de los escr\u00fapulos y los estereotipos, tanto de los individuales como los colectivos. La libertad, la justicia, el odio, la inseguridad y la reivindicaci\u00f3n por ser ella misma, son emociones que experimentar\u00e1 &hellip;<\/p>\n","protected":false},"featured_media":816,"comment_status":"open","ping_status":"closed","template":"","meta":[],"product_cat":[35],"product_tag":[],"_links":{"self":[{"href":"https:\/\/codingout.cat\/coop1\/wp-json\/wp\/v2\/product\/276"}],"collection":[{"href":"https:\/\/codingout.cat\/coop1\/wp-json\/wp\/v2\/product"}],"about":[{"href":"https:\/\/codingout.cat\/coop1\/wp-json\/wp\/v2\/types\/product"}],"replies":[{"embeddable":true,"href":"https:\/\/codingout.cat\/coop1\/wp-json\/wp\/v2\/comments?post=276"}],"wp:featuredmedia":[{"embeddable":true,"href":"https:\/\/codingout.cat\/coop1\/wp-json\/wp\/v2\/media\/816"}],"wp:attachment":[{"href":"https:\/\/codingout.cat\/coop1\/wp-json\/wp\/v2\/media?parent=276"}],"wp:term":[{"taxonomy":"product_cat","embeddable":true,"href":"https:\/\/codingout.cat\/coop1\/wp-json\/wp\/v2\/product_cat?post=276"},{"taxonomy":"product_tag","embeddable":true,"href":"https:\/\/codingout.cat\/coop1\/wp-json\/wp\/v2\/product_tag?post=276"}],"curies":[{"name":"wp","href":"https:\/\/api.w.org\/{rel}","templated":true}]}}