{"id":272,"date":"2021-11-03T12:13:28","date_gmt":"2021-11-03T10:13:28","guid":{"rendered":"http:\/\/localhost\/web\/?post_type=product&#038;p=272"},"modified":"2021-11-18T11:06:54","modified_gmt":"2021-11-18T09:06:54","slug":"novel%c2%b7la-ciencia-ficcion-la-cancion-de-nuria","status":"publish","type":"product","link":"https:\/\/codingout.cat\/coop1\/producte\/novel%c2%b7la-ciencia-ficcion-la-cancion-de-nuria\/","title":{"rendered":"NOVEL\u00b7LA CI\u00c8NCIA-FICCI\u00d3: LA CANCI\u00d3N DE NURIA"},"content":{"rendered":"<p>SINOPSIS<\/p>\n<p>Una siniestra organizaci\u00f3n terrorista que defiende la superioridad de la raza negra, lleva a\u00f1os investigando la creaci\u00f3n de un mal\u00e9fico virus que busca da\u00f1ar \u00fanicamente a la poblaci\u00f3n cauc\u00e1sica. Su plan consiste en convertir en invidentes a todos los seres humanos blancos y convertirlos en sus esclavos, una venganza al colonialismo que ha tiranizado \u00c1frica desde hace siglos. Pero el virus experimenta una mutaci\u00f3n y la infecci\u00f3n provoca la muerte de los infectados y su posterior e inmediata resurrecci\u00f3n. La pandemia se reproduce por toda la Tierra y degenera en una invasi\u00f3n zombi.<br \/>\nDesde el Jap\u00f3n, un joven y prometedor cient\u00edfico investiga el origen del virus y busca un ant\u00eddoto, mientras intenta sobrevivir en un Tokio donde solo resisten unas pocas personas.<br \/>\nParece ser que no queda esperanza para la humanidad, pero en alg\u00fan sitio del mundo y de manera sorprendente, aparecen un grupo de supervivientes que tendr\u00e1n que enfrentarse a sus peores pesadillas.<\/p>\n","protected":false},"excerpt":{"rendered":"<p>SINOPSIS Una siniestra organizaci\u00f3n terrorista que defiende la superioridad de la raza negra, lleva a\u00f1os investigando la creaci\u00f3n de un mal\u00e9fico virus que busca da\u00f1ar \u00fanicamente a la poblaci\u00f3n cauc\u00e1sica. Su plan consiste en convertir en invidentes a todos los seres humanos blancos y convertirlos en sus esclavos, una venganza &hellip;<\/p>\n","protected":false},"featured_media":860,"comment_status":"open","ping_status":"closed","template":"","meta":[],"product_cat":[35],"product_tag":[],"_links":{"self":[{"href":"https:\/\/codingout.cat\/coop1\/wp-json\/wp\/v2\/product\/272"}],"collection":[{"href":"https:\/\/codingout.cat\/coop1\/wp-json\/wp\/v2\/product"}],"about":[{"href":"https:\/\/codingout.cat\/coop1\/wp-json\/wp\/v2\/types\/product"}],"replies":[{"embeddable":true,"href":"https:\/\/codingout.cat\/coop1\/wp-json\/wp\/v2\/comments?post=272"}],"wp:featuredmedia":[{"embeddable":true,"href":"https:\/\/codingout.cat\/coop1\/wp-json\/wp\/v2\/media\/860"}],"wp:attachment":[{"href":"https:\/\/codingout.cat\/coop1\/wp-json\/wp\/v2\/media?parent=272"}],"wp:term":[{"taxonomy":"product_cat","embeddable":true,"href":"https:\/\/codingout.cat\/coop1\/wp-json\/wp\/v2\/product_cat?post=272"},{"taxonomy":"product_tag","embeddable":true,"href":"https:\/\/codingout.cat\/coop1\/wp-json\/wp\/v2\/product_tag?post=272"}],"curies":[{"name":"wp","href":"https:\/\/api.w.org\/{rel}","templated":true}]}}