{"id":269,"date":"2021-11-03T11:45:42","date_gmt":"2021-11-03T09:45:42","guid":{"rendered":"http:\/\/localhost\/web\/?post_type=product&#038;p=269"},"modified":"2021-11-18T11:07:49","modified_gmt":"2021-11-18T09:07:49","slug":"poesia-pandemonium","status":"publish","type":"product","link":"https:\/\/codingout.cat\/coop1\/producte\/poesia-pandemonium\/","title":{"rendered":"POES\u00cdA: PANDEMONIUM"},"content":{"rendered":"<p>PRESENTACI\u00d3N<\/p>\n<p>Pandemonium recull set poemaris que es bifurquen en camins independents, poetitzant realitats que transcorren sintetitzant sentiments que condensen la realitat incerta de l&#8217;exist\u00e8ncia humana.<br \/>\nNo cal ser un docte erudit per saber que parlar de la mort i de l&#8217;amor al mateix llibre pot ser una transgressi\u00f3 absoluta, per\u00f2 aqu\u00ed no n&#8217;hi han editors que puguin vetar segons quins temes.<br \/>\nDarrera cada vers hi ha quelcom intangible, alguna cosa que neix d&#8217;una manera determinada i que una vegada llegida, s&#8217;escapa a la seva pr\u00f2pia comprensi\u00f3 i naturalesa per volar lliure, m\u00e9s enll\u00e0 de l&#8217;enteniment.<\/p>\n","protected":false},"excerpt":{"rendered":"<p>PRESENTACI\u00d3N Pandemonium recull set poemaris que es bifurquen en camins independents, poetitzant realitats que transcorren sintetitzant sentiments que condensen la realitat incerta de l&#8217;exist\u00e8ncia humana. No cal ser un docte erudit per saber que parlar de la mort i de l&#8217;amor al mateix llibre pot ser una transgressi\u00f3 absoluta, per\u00f2 &hellip;<\/p>\n","protected":false},"featured_media":747,"comment_status":"open","ping_status":"closed","template":"","meta":[],"product_cat":[40],"product_tag":[],"_links":{"self":[{"href":"https:\/\/codingout.cat\/coop1\/wp-json\/wp\/v2\/product\/269"}],"collection":[{"href":"https:\/\/codingout.cat\/coop1\/wp-json\/wp\/v2\/product"}],"about":[{"href":"https:\/\/codingout.cat\/coop1\/wp-json\/wp\/v2\/types\/product"}],"replies":[{"embeddable":true,"href":"https:\/\/codingout.cat\/coop1\/wp-json\/wp\/v2\/comments?post=269"}],"wp:featuredmedia":[{"embeddable":true,"href":"https:\/\/codingout.cat\/coop1\/wp-json\/wp\/v2\/media\/747"}],"wp:attachment":[{"href":"https:\/\/codingout.cat\/coop1\/wp-json\/wp\/v2\/media?parent=269"}],"wp:term":[{"taxonomy":"product_cat","embeddable":true,"href":"https:\/\/codingout.cat\/coop1\/wp-json\/wp\/v2\/product_cat?post=269"},{"taxonomy":"product_tag","embeddable":true,"href":"https:\/\/codingout.cat\/coop1\/wp-json\/wp\/v2\/product_tag?post=269"}],"curies":[{"name":"wp","href":"https:\/\/api.w.org\/{rel}","templated":true}]}}