{"id":266,"date":"2021-11-03T11:43:10","date_gmt":"2021-11-03T09:43:10","guid":{"rendered":"http:\/\/localhost\/web\/?post_type=product&#038;p=266"},"modified":"2021-11-18T11:08:45","modified_gmt":"2021-11-18T09:08:45","slug":"poesia-haikus-i-tankes","status":"publish","type":"product","link":"https:\/\/codingout.cat\/coop1\/producte\/poesia-haikus-i-tankes\/","title":{"rendered":"POES\u00cdA: HAIKUS I TANKES"},"content":{"rendered":"<p>PRESENTACI\u00d3N<\/p>\n<p>Desde el lejano Jap\u00f3n se nos ha transmitido una nueva manera de expresar la ternura y el sobrecogimiento que nos produce la contemplaci\u00f3n de la naturaleza.<br \/>\nEl impacto de los haikus, la poes\u00eda y la literatura japonesa ha sido tan importante que ha permitido ampliar el horizonte y la visi\u00f3n de un mundo occidental, que se apresur\u00f3 a nutrirse de la consistencia breve, pero turbadora de una nueva manera de enhebrar un nuevo Renacimiento po\u00e9tico. Esta peque\u00f1a revoluci\u00f3n empodera a una nueva generaci\u00f3n de artistas que ansiaban simplificar sus mensajes.<br \/>\nEn esta \u00e9poca de m\u00e1xima digitalizaci\u00f3n, cuando las redes sociales amenazan con sepultarnos bajo el imperio de los p\u00edxeles, nace el verdadero hilo conductor de la humanidad: la palabra.<br \/>\nY nunca tan pocas palabras, que se convirtieron en verso, significaron tanto.<\/p>\n","protected":false},"excerpt":{"rendered":"<p>PRESENTACI\u00d3N Desde el lejano Jap\u00f3n se nos ha transmitido una nueva manera de expresar la ternura y el sobrecogimiento que nos produce la contemplaci\u00f3n de la naturaleza. El impacto de los haikus, la poes\u00eda y la literatura japonesa ha sido tan importante que ha permitido ampliar el horizonte y la &hellip;<\/p>\n","protected":false},"featured_media":661,"comment_status":"open","ping_status":"closed","template":"","meta":[],"product_cat":[40],"product_tag":[],"_links":{"self":[{"href":"https:\/\/codingout.cat\/coop1\/wp-json\/wp\/v2\/product\/266"}],"collection":[{"href":"https:\/\/codingout.cat\/coop1\/wp-json\/wp\/v2\/product"}],"about":[{"href":"https:\/\/codingout.cat\/coop1\/wp-json\/wp\/v2\/types\/product"}],"replies":[{"embeddable":true,"href":"https:\/\/codingout.cat\/coop1\/wp-json\/wp\/v2\/comments?post=266"}],"wp:featuredmedia":[{"embeddable":true,"href":"https:\/\/codingout.cat\/coop1\/wp-json\/wp\/v2\/media\/661"}],"wp:attachment":[{"href":"https:\/\/codingout.cat\/coop1\/wp-json\/wp\/v2\/media?parent=266"}],"wp:term":[{"taxonomy":"product_cat","embeddable":true,"href":"https:\/\/codingout.cat\/coop1\/wp-json\/wp\/v2\/product_cat?post=266"},{"taxonomy":"product_tag","embeddable":true,"href":"https:\/\/codingout.cat\/coop1\/wp-json\/wp\/v2\/product_tag?post=266"}],"curies":[{"name":"wp","href":"https:\/\/api.w.org\/{rel}","templated":true}]}}