{"id":263,"date":"2021-11-03T11:40:47","date_gmt":"2021-11-03T09:40:47","guid":{"rendered":"http:\/\/localhost\/web\/?post_type=product&#038;p=263"},"modified":"2021-11-16T12:13:22","modified_gmt":"2021-11-16T10:13:22","slug":"poesia-lola","status":"publish","type":"product","link":"https:\/\/codingout.cat\/coop1\/producte\/poesia-lola\/","title":{"rendered":"POES\u00cdA: LOLA"},"content":{"rendered":"<p>PRESENTACI\u00d3N<\/p>\n<p>Lola es una declaraci\u00f3n de amor a la mujer, a todas las mujeres, sin excepci\u00f3n. Ni siquiera aquellos d\u00edas en que la inspiraci\u00f3n parece reacia a visitar al artista, se puede evitar que los recuerdos que habitan en cada uno adopten formas sorprendentes. Solo es necesario rememorar, viajar en el tiempo y volver a sentir ese primer beso, esa primera caricia, esa primera mirada que cambi\u00f3 todo.<br \/>\nAbuelas, madres, hermanas, esposas, sobrinas, primas, amigas, maestras; todas ellas nos recuerdan la plenitud de momentos vividos, de experiencias que nos han moldeado y que nos han hecho crecer. A trav\u00e9s de una prosa apabullante que adquiere rasgos introspectivos se alcanzan desenlaces sorprendentes.<\/p>\n","protected":false},"excerpt":{"rendered":"<p>PRESENTACI\u00d3N Lola es una declaraci\u00f3n de amor a la mujer, a todas las mujeres, sin excepci\u00f3n. Ni siquiera aquellos d\u00edas en que la inspiraci\u00f3n parece reacia a visitar al artista, se puede evitar que los recuerdos que habitan en cada uno adopten formas sorprendentes. Solo es necesario rememorar, viajar en &hellip;<\/p>\n","protected":false},"featured_media":675,"comment_status":"open","ping_status":"closed","template":"","meta":[],"product_cat":[39],"product_tag":[],"_links":{"self":[{"href":"https:\/\/codingout.cat\/coop1\/wp-json\/wp\/v2\/product\/263"}],"collection":[{"href":"https:\/\/codingout.cat\/coop1\/wp-json\/wp\/v2\/product"}],"about":[{"href":"https:\/\/codingout.cat\/coop1\/wp-json\/wp\/v2\/types\/product"}],"replies":[{"embeddable":true,"href":"https:\/\/codingout.cat\/coop1\/wp-json\/wp\/v2\/comments?post=263"}],"wp:featuredmedia":[{"embeddable":true,"href":"https:\/\/codingout.cat\/coop1\/wp-json\/wp\/v2\/media\/675"}],"wp:attachment":[{"href":"https:\/\/codingout.cat\/coop1\/wp-json\/wp\/v2\/media?parent=263"}],"wp:term":[{"taxonomy":"product_cat","embeddable":true,"href":"https:\/\/codingout.cat\/coop1\/wp-json\/wp\/v2\/product_cat?post=263"},{"taxonomy":"product_tag","embeddable":true,"href":"https:\/\/codingout.cat\/coop1\/wp-json\/wp\/v2\/product_tag?post=263"}],"curies":[{"name":"wp","href":"https:\/\/api.w.org\/{rel}","templated":true}]}}