{"id":261,"date":"2021-11-04T11:37:32","date_gmt":"2021-11-04T09:37:32","guid":{"rendered":"http:\/\/localhost\/web\/?post_type=product&#038;p=261"},"modified":"2021-11-16T12:01:05","modified_gmt":"2021-11-16T10:01:05","slug":"poesia-como-un-lucero-del-alma","status":"publish","type":"product","link":"https:\/\/codingout.cat\/coop1\/producte\/poesia-como-un-lucero-del-alma\/","title":{"rendered":"POES\u00cdA: COMO UN LUCERO DEL ALMA"},"content":{"rendered":"<p>PRESENTACI\u00d3N<\/p>\n<p>Este recopilatorio pretende ser un homenaje a esas personas que embellecen el mundo sin pedir nada a cambio. Estos seres de luz no abundan y por ello merecen ser cuidados y mimados. Su existencia es un regalo que no somos capaces de admirar en su justa medida.<br \/>\nLeer estos versos en voz alta, sinti\u00e9ndonos cercanos a ellos deber\u00eda ser una experiencia conmovedora. Sentir como el amor incondicional penetra a chorro en nuestra alma no representa ning\u00fan misterio, porque el funcionamiento de la alquimia emotiva es una realidad incontestable.<\/p>\n","protected":false},"excerpt":{"rendered":"<p>PRESENTACI\u00d3N Este recopilatorio pretende ser un homenaje a esas personas que embellecen el mundo sin pedir nada a cambio. Estos seres de luz no abundan y por ello merecen ser cuidados y mimados. Su existencia es un regalo que no somos capaces de admirar en su justa medida. Leer estos &hellip;<\/p>\n","protected":false},"featured_media":635,"comment_status":"open","ping_status":"closed","template":"","meta":[],"product_cat":[39],"product_tag":[],"_links":{"self":[{"href":"https:\/\/codingout.cat\/coop1\/wp-json\/wp\/v2\/product\/261"}],"collection":[{"href":"https:\/\/codingout.cat\/coop1\/wp-json\/wp\/v2\/product"}],"about":[{"href":"https:\/\/codingout.cat\/coop1\/wp-json\/wp\/v2\/types\/product"}],"replies":[{"embeddable":true,"href":"https:\/\/codingout.cat\/coop1\/wp-json\/wp\/v2\/comments?post=261"}],"wp:featuredmedia":[{"embeddable":true,"href":"https:\/\/codingout.cat\/coop1\/wp-json\/wp\/v2\/media\/635"}],"wp:attachment":[{"href":"https:\/\/codingout.cat\/coop1\/wp-json\/wp\/v2\/media?parent=261"}],"wp:term":[{"taxonomy":"product_cat","embeddable":true,"href":"https:\/\/codingout.cat\/coop1\/wp-json\/wp\/v2\/product_cat?post=261"},{"taxonomy":"product_tag","embeddable":true,"href":"https:\/\/codingout.cat\/coop1\/wp-json\/wp\/v2\/product_tag?post=261"}],"curies":[{"name":"wp","href":"https:\/\/api.w.org\/{rel}","templated":true}]}}