{"id":258,"date":"2021-11-03T11:36:09","date_gmt":"2021-11-03T09:36:09","guid":{"rendered":"http:\/\/localhost\/web\/?post_type=product&#038;p=258"},"modified":"2021-11-18T12:37:54","modified_gmt":"2021-11-18T10:37:54","slug":"poesia-ensename","status":"publish","type":"product","link":"https:\/\/codingout.cat\/coop1\/producte\/poesia-ensename\/","title":{"rendered":"POESIA: ENS\u00c9\u00d1AME"},"content":{"rendered":"<p>PRESENTACI\u00d3N<\/p>\n<p>Cuando el coraz\u00f3n adelanta a la mente, los caminos de nuestra existencia se llenan de flores, dijo un poeta. Y es cierto, necesitamos pensar menos y sentir m\u00e1s. Leer y darnos cuenta que todo lo que nos rodea tiene un sentido, es algo vivificante. Como estas poes\u00edas, que nos hacen detenernos, reflexionar y respirar sin prisas.<br \/>\nLa \u00fanica finalidad de este poemario reside en que no existe ninguna, m\u00e1s all\u00e1 del goce de leer, que se dulcifiquen los rostros y adquieran nuevas dimensiones los gestos, de manera que el dolor existencial huya en busca de un mejor sitio donde ocultarse.<\/p>\n","protected":false},"excerpt":{"rendered":"<p>PRESENTACI\u00d3N Cuando el coraz\u00f3n adelanta a la mente, los caminos de nuestra existencia se llenan de flores, dijo un poeta. Y es cierto, necesitamos pensar menos y sentir m\u00e1s. Leer y darnos cuenta que todo lo que nos rodea tiene un sentido, es algo vivificante. Como estas poes\u00edas, que nos &hellip;<\/p>\n","protected":false},"featured_media":649,"comment_status":"open","ping_status":"closed","template":"","meta":[],"product_cat":[39],"product_tag":[],"_links":{"self":[{"href":"https:\/\/codingout.cat\/coop1\/wp-json\/wp\/v2\/product\/258"}],"collection":[{"href":"https:\/\/codingout.cat\/coop1\/wp-json\/wp\/v2\/product"}],"about":[{"href":"https:\/\/codingout.cat\/coop1\/wp-json\/wp\/v2\/types\/product"}],"replies":[{"embeddable":true,"href":"https:\/\/codingout.cat\/coop1\/wp-json\/wp\/v2\/comments?post=258"}],"wp:featuredmedia":[{"embeddable":true,"href":"https:\/\/codingout.cat\/coop1\/wp-json\/wp\/v2\/media\/649"}],"wp:attachment":[{"href":"https:\/\/codingout.cat\/coop1\/wp-json\/wp\/v2\/media?parent=258"}],"wp:term":[{"taxonomy":"product_cat","embeddable":true,"href":"https:\/\/codingout.cat\/coop1\/wp-json\/wp\/v2\/product_cat?post=258"},{"taxonomy":"product_tag","embeddable":true,"href":"https:\/\/codingout.cat\/coop1\/wp-json\/wp\/v2\/product_tag?post=258"}],"curies":[{"name":"wp","href":"https:\/\/api.w.org\/{rel}","templated":true}]}}