{"id":256,"date":"2021-11-03T11:33:05","date_gmt":"2021-11-03T09:33:05","guid":{"rendered":"http:\/\/localhost\/web\/?post_type=product&#038;p=256"},"modified":"2021-11-18T12:34:34","modified_gmt":"2021-11-18T10:34:34","slug":"poesia-beberte","status":"publish","type":"product","link":"https:\/\/codingout.cat\/coop1\/producte\/poesia-beberte\/","title":{"rendered":"POES\u00cdA: BEBERTE"},"content":{"rendered":"<p>PRESENTACI\u00d3N<\/p>\n<p>Esta antolog\u00eda po\u00e9tica, como si fuera una Ariadna desenredando hilos por un bizarro laberinto, conecta f\u00e1cilmente con los lectores, nutriendo de aristas las mentes y conciencias puritanas.<br \/>\nSon poemas que interpelan, dejando atr\u00e1s lo tr\u00e1gico de la existencia femenina, liber\u00e1ndola de sus propias ataduras y que nos hablan del deseo prohibido, del amor transgresor y del desamor hiriente, del anhelo de vivir hasta las \u00faltimas consecuencias, de no tomarse la vida demasiado en serio.<br \/>\nEl juego de im\u00e1genes amorosas contiene un lirismo decadente que ahuyenta el sentimiento de culpa, el pecado y la fatalidad, ideando un particular abecedario que parpadea en busca de una lujuria cr\u00edpticamente esc\u00e9nica y que adopta rastros metasexuales.<\/p>\n","protected":false},"excerpt":{"rendered":"<p>PRESENTACI\u00d3N Esta antolog\u00eda po\u00e9tica, como si fuera una Ariadna desenredando hilos por un bizarro laberinto, conecta f\u00e1cilmente con los lectores, nutriendo de aristas las mentes y conciencias puritanas. Son poemas que interpelan, dejando atr\u00e1s lo tr\u00e1gico de la existencia femenina, liber\u00e1ndola de sus propias ataduras y que nos hablan del &hellip;<\/p>\n","protected":false},"featured_media":762,"comment_status":"open","ping_status":"closed","template":"","meta":[],"product_cat":[39],"product_tag":[],"_links":{"self":[{"href":"https:\/\/codingout.cat\/coop1\/wp-json\/wp\/v2\/product\/256"}],"collection":[{"href":"https:\/\/codingout.cat\/coop1\/wp-json\/wp\/v2\/product"}],"about":[{"href":"https:\/\/codingout.cat\/coop1\/wp-json\/wp\/v2\/types\/product"}],"replies":[{"embeddable":true,"href":"https:\/\/codingout.cat\/coop1\/wp-json\/wp\/v2\/comments?post=256"}],"wp:featuredmedia":[{"embeddable":true,"href":"https:\/\/codingout.cat\/coop1\/wp-json\/wp\/v2\/media\/762"}],"wp:attachment":[{"href":"https:\/\/codingout.cat\/coop1\/wp-json\/wp\/v2\/media?parent=256"}],"wp:term":[{"taxonomy":"product_cat","embeddable":true,"href":"https:\/\/codingout.cat\/coop1\/wp-json\/wp\/v2\/product_cat?post=256"},{"taxonomy":"product_tag","embeddable":true,"href":"https:\/\/codingout.cat\/coop1\/wp-json\/wp\/v2\/product_tag?post=256"}],"curies":[{"name":"wp","href":"https:\/\/api.w.org\/{rel}","templated":true}]}}