{"id":253,"date":"2021-11-03T11:28:52","date_gmt":"2021-11-03T09:28:52","guid":{"rendered":"http:\/\/localhost\/web\/?post_type=product&#038;p=253"},"modified":"2021-11-16T12:17:40","modified_gmt":"2021-11-16T10:17:40","slug":"novel%c2%b7la-ficcio-resiliencia","status":"publish","type":"product","link":"https:\/\/codingout.cat\/coop1\/producte\/novel%c2%b7la-ficcio-resiliencia\/","title":{"rendered":"NOVEL\u00b7LA FICCI\u00d3: RESILI\u00c8NCIA"},"content":{"rendered":"<p>SINOPSIS<\/p>\n<p>La historia de La can\u00e7\u00f3 de N\u00faria no es va terminar quan el nostre protagonista va rebre una queixalada que havia de ser mortal. En Resili\u00e8ncia continuem acompanyant als supervivents d\u2019un m\u00f3n salvatge que nom\u00e9s ofereix mort i destrucci\u00f3.<br \/>\nAl Jap\u00f3, el m\u00edtic Palau Reial, l\u2019\u00faltim reducte de seguretat, ha caigut sota l\u2019imperi dels zombis i nom\u00e9s queda una esperan\u00e7a per assegurar la superviv\u00e8ncia de la ra\u00e7a humana. Un esbojarrat Projecte de crionitzaci\u00f3 experimental sembla ser l\u2019\u00faltima esperan\u00e7a possible.<br \/>\nPer\u00f2, quin m\u00f3n es trobaran els que es sotmetin a aquests experiment?<\/p>\n","protected":false},"excerpt":{"rendered":"<p>SINOPSIS La historia de La can\u00e7\u00f3 de N\u00faria no es va terminar quan el nostre protagonista va rebre una queixalada que havia de ser mortal. En Resili\u00e8ncia continuem acompanyant als supervivents d\u2019un m\u00f3n salvatge que nom\u00e9s ofereix mort i destrucci\u00f3. Al Jap\u00f3, el m\u00edtic Palau Reial, l\u2019\u00faltim reducte de seguretat, &hellip;<\/p>\n","protected":false},"featured_media":902,"comment_status":"open","ping_status":"closed","template":"","meta":[],"product_cat":[38],"product_tag":[],"_links":{"self":[{"href":"https:\/\/codingout.cat\/coop1\/wp-json\/wp\/v2\/product\/253"}],"collection":[{"href":"https:\/\/codingout.cat\/coop1\/wp-json\/wp\/v2\/product"}],"about":[{"href":"https:\/\/codingout.cat\/coop1\/wp-json\/wp\/v2\/types\/product"}],"replies":[{"embeddable":true,"href":"https:\/\/codingout.cat\/coop1\/wp-json\/wp\/v2\/comments?post=253"}],"wp:featuredmedia":[{"embeddable":true,"href":"https:\/\/codingout.cat\/coop1\/wp-json\/wp\/v2\/media\/902"}],"wp:attachment":[{"href":"https:\/\/codingout.cat\/coop1\/wp-json\/wp\/v2\/media?parent=253"}],"wp:term":[{"taxonomy":"product_cat","embeddable":true,"href":"https:\/\/codingout.cat\/coop1\/wp-json\/wp\/v2\/product_cat?post=253"},{"taxonomy":"product_tag","embeddable":true,"href":"https:\/\/codingout.cat\/coop1\/wp-json\/wp\/v2\/product_tag?post=253"}],"curies":[{"name":"wp","href":"https:\/\/api.w.org\/{rel}","templated":true}]}}