{"id":250,"date":"2021-11-03T11:26:07","date_gmt":"2021-11-03T09:26:07","guid":{"rendered":"http:\/\/localhost\/web\/?post_type=product&#038;p=250"},"modified":"2021-11-16T12:18:32","modified_gmt":"2021-11-16T10:18:32","slug":"novel%c2%b7la-ficcio-el-discipulo-de-dios","status":"publish","type":"product","link":"https:\/\/codingout.cat\/coop1\/producte\/novel%c2%b7la-ficcio-el-discipulo-de-dios\/","title":{"rendered":"NOVEL\u00b7LA FICCI\u00d3: EL DISC\u00cdPULO DE DIOS"},"content":{"rendered":"<p>SINOPSIS<\/p>\n<p>El universo (o la conciencia superior conocida como Dios)  decidi\u00f3 un buen d\u00eda que la vida de un chiquillo vulgar se viera inspirada por una luz y una clarividencia especial, como si fuera su representante en la tierra. No es algo que haya decidido hacer una \u00fanica vez; de hecho, a lo largo de la historia han existido diferentes Profetas y Mes\u00edas, que se vieron envueltos con esa energ\u00eda ilimitada que les permiti\u00f3 trascender su tiempo y convertirse en leyendas, como Abraham, Matusal\u00e9n, No\u00e9, Confucio, Mahoma, Buda, Zoroastro, etc.<br \/>\n  \tEn este relato se narra una visi\u00f3n de una realidad determinada que aunque parezca ficci\u00f3n y fantas\u00eda, est\u00e1 sucediendo en un mundo paralelo y, por tanto, existen una serie de personajes que son contempor\u00e1neos nuestros, pero a las que les suceden otros sucesos, ante los cuales reaccionan de manera diferente, creando a su vez, acontecimientos y experiencias verdaderamente asombrosas que cambiar\u00e1n la existencia de todos.<\/p>\n","protected":false},"excerpt":{"rendered":"<p>SINOPSIS El universo (o la conciencia superior conocida como Dios) decidi\u00f3 un buen d\u00eda que la vida de un chiquillo vulgar se viera inspirada por una luz y una clarividencia especial, como si fuera su representante en la tierra. No es algo que haya decidido hacer una \u00fanica vez; de &hellip;<\/p>\n","protected":false},"featured_media":784,"comment_status":"open","ping_status":"closed","template":"","meta":[],"product_cat":[35],"product_tag":[],"_links":{"self":[{"href":"https:\/\/codingout.cat\/coop1\/wp-json\/wp\/v2\/product\/250"}],"collection":[{"href":"https:\/\/codingout.cat\/coop1\/wp-json\/wp\/v2\/product"}],"about":[{"href":"https:\/\/codingout.cat\/coop1\/wp-json\/wp\/v2\/types\/product"}],"replies":[{"embeddable":true,"href":"https:\/\/codingout.cat\/coop1\/wp-json\/wp\/v2\/comments?post=250"}],"wp:featuredmedia":[{"embeddable":true,"href":"https:\/\/codingout.cat\/coop1\/wp-json\/wp\/v2\/media\/784"}],"wp:attachment":[{"href":"https:\/\/codingout.cat\/coop1\/wp-json\/wp\/v2\/media?parent=250"}],"wp:term":[{"taxonomy":"product_cat","embeddable":true,"href":"https:\/\/codingout.cat\/coop1\/wp-json\/wp\/v2\/product_cat?post=250"},{"taxonomy":"product_tag","embeddable":true,"href":"https:\/\/codingout.cat\/coop1\/wp-json\/wp\/v2\/product_tag?post=250"}],"curies":[{"name":"wp","href":"https:\/\/api.w.org\/{rel}","templated":true}]}}