{"id":247,"date":"2021-11-03T11:22:47","date_gmt":"2021-11-03T09:22:47","guid":{"rendered":"http:\/\/localhost\/web\/?post_type=product&#038;p=247"},"modified":"2021-11-16T12:19:47","modified_gmt":"2021-11-16T10:19:47","slug":"novel%c2%b7la-ficcio-el-cel-no-minteressa","status":"publish","type":"product","link":"https:\/\/codingout.cat\/coop1\/producte\/novel%c2%b7la-ficcio-el-cel-no-minteressa\/","title":{"rendered":"NOVEL\u00b7LA FICCI\u00d3: EL CEL NO M&#8217;INTERESSA"},"content":{"rendered":"<p>SINOPSIS<\/p>\n<p>El cel no m\u2019interessa \u00e9s una hist\u00f2ria que ens parla del desig i de l\u2019abolici\u00f3 dels escr\u00fapols i els estereotips, tant els individuals com els col\u2022lectius. La llibertat, la just\u00edcia, l\u2019odi, la inseguretat i la reivindicaci\u00f3 de ser una mateixa s\u00f3n emocions que viur\u00e0 la nostre protagonista, lliscant entre els punts cardinals de la seva exist\u00e8ncia.<br \/>\nLa vida d\u2019una agent de policia se\u2019n va a norris quan es veu involucrada en una atracament a m\u00e0 armada. A conseq\u00fc\u00e8ncia de la seva intervenci\u00f3, mata a dos dels atracadors i \u00e9s processada i condemnada. \u00c9s la primera agent femenina del pa\u00eds que es troba en aquesta situaci\u00f3.<br \/>\nLa seva entrada a la pres\u00f3 obre molts interrogants, per\u00f2 la nostre protagonista t\u00e9 una s\u00e8rie de recursos que sabr\u00e0 utilitzar.<br \/>\nAmb el que no comptava \u00e9s que ser\u00e0 dins de la pres\u00f3 quan descobrir\u00e0 l\u2019amor verdader&#8230;<\/p>\n","protected":false},"excerpt":{"rendered":"<p>SINOPSIS El cel no m\u2019interessa \u00e9s una hist\u00f2ria que ens parla del desig i de l\u2019abolici\u00f3 dels escr\u00fapols i els estereotips, tant els individuals com els col\u2022lectius. La llibertat, la just\u00edcia, l\u2019odi, la inseguretat i la reivindicaci\u00f3 de ser una mateixa s\u00f3n emocions que viur\u00e0 la nostre protagonista, lliscant entre &hellip;<\/p>\n","protected":false},"featured_media":798,"comment_status":"open","ping_status":"closed","template":"","meta":[],"product_cat":[38],"product_tag":[],"_links":{"self":[{"href":"https:\/\/codingout.cat\/coop1\/wp-json\/wp\/v2\/product\/247"}],"collection":[{"href":"https:\/\/codingout.cat\/coop1\/wp-json\/wp\/v2\/product"}],"about":[{"href":"https:\/\/codingout.cat\/coop1\/wp-json\/wp\/v2\/types\/product"}],"replies":[{"embeddable":true,"href":"https:\/\/codingout.cat\/coop1\/wp-json\/wp\/v2\/comments?post=247"}],"wp:featuredmedia":[{"embeddable":true,"href":"https:\/\/codingout.cat\/coop1\/wp-json\/wp\/v2\/media\/798"}],"wp:attachment":[{"href":"https:\/\/codingout.cat\/coop1\/wp-json\/wp\/v2\/media?parent=247"}],"wp:term":[{"taxonomy":"product_cat","embeddable":true,"href":"https:\/\/codingout.cat\/coop1\/wp-json\/wp\/v2\/product_cat?post=247"},{"taxonomy":"product_tag","embeddable":true,"href":"https:\/\/codingout.cat\/coop1\/wp-json\/wp\/v2\/product_tag?post=247"}],"curies":[{"name":"wp","href":"https:\/\/api.w.org\/{rel}","templated":true}]}}