{"id":244,"date":"2021-11-03T11:18:34","date_gmt":"2021-11-03T09:18:34","guid":{"rendered":"http:\/\/localhost\/web\/?post_type=product&#038;p=244"},"modified":"2021-11-16T12:20:37","modified_gmt":"2021-11-16T10:20:37","slug":"novel%c2%b7la-ficcio-helena-lextraterrestre","status":"publish","type":"product","link":"https:\/\/codingout.cat\/coop1\/producte\/novel%c2%b7la-ficcio-helena-lextraterrestre\/","title":{"rendered":"NOVEL\u00b7LA FICCI\u00d3: HELENA, L&#8217;EXTRATERRESTRE"},"content":{"rendered":"<p>SINOPSIS<\/p>\n<p>Helena \u00e9s una nena que creu que \u00e9s extraterrestre, perqu\u00e8 li costa entendre al m\u00f3n on viu.  En canvi, t\u00e9 facilitat per entendre als animals i \u00e9s capa\u00e7 de ficar-se en el cap de les persones, per\u00f2 tot el que troba all\u00e0 no t\u00e9 gaire sentit per a ella. Per qu\u00e8 els adults diuen una cosa i pensen just el contrari? La seva mare viu angoixada i la porta a diferents especialistes per tal que li diguin quina malaltia t\u00e9. Per\u00f2 Helena no est\u00e0 malalta, ni \u00e9s autista, simplement el seu cervell funciona en unes ones diferents i t\u00e9 unes capacitats que no s\u2019han vist mai en cap \u00e9sser hum\u00e0.<br \/>\nPer tal que tingui un seguiment especial, li canvien de col\u2022legi; all\u00e0 coneixer\u00e0 a un meravell\u00f3s grup de nens que malgrat les seves aparents discapacitats, amaguen un m\u00f3n interior que ajudar\u00e0 al lector a canviar la percepci\u00f3 que tenim sobre les persones que semblen que no encaixen. <\/p>\n","protected":false},"excerpt":{"rendered":"<p>SINOPSIS Helena \u00e9s una nena que creu que \u00e9s extraterrestre, perqu\u00e8 li costa entendre al m\u00f3n on viu. En canvi, t\u00e9 facilitat per entendre als animals i \u00e9s capa\u00e7 de ficar-se en el cap de les persones, per\u00f2 tot el que troba all\u00e0 no t\u00e9 gaire sentit per a ella. &hellip;<\/p>\n","protected":false},"featured_media":846,"comment_status":"open","ping_status":"closed","template":"","meta":[],"product_cat":[38],"product_tag":[],"_links":{"self":[{"href":"https:\/\/codingout.cat\/coop1\/wp-json\/wp\/v2\/product\/244"}],"collection":[{"href":"https:\/\/codingout.cat\/coop1\/wp-json\/wp\/v2\/product"}],"about":[{"href":"https:\/\/codingout.cat\/coop1\/wp-json\/wp\/v2\/types\/product"}],"replies":[{"embeddable":true,"href":"https:\/\/codingout.cat\/coop1\/wp-json\/wp\/v2\/comments?post=244"}],"wp:featuredmedia":[{"embeddable":true,"href":"https:\/\/codingout.cat\/coop1\/wp-json\/wp\/v2\/media\/846"}],"wp:attachment":[{"href":"https:\/\/codingout.cat\/coop1\/wp-json\/wp\/v2\/media?parent=244"}],"wp:term":[{"taxonomy":"product_cat","embeddable":true,"href":"https:\/\/codingout.cat\/coop1\/wp-json\/wp\/v2\/product_cat?post=244"},{"taxonomy":"product_tag","embeddable":true,"href":"https:\/\/codingout.cat\/coop1\/wp-json\/wp\/v2\/product_tag?post=244"}],"curies":[{"name":"wp","href":"https:\/\/api.w.org\/{rel}","templated":true}]}}