{"id":238,"date":"2021-11-03T11:09:23","date_gmt":"2021-11-03T09:09:23","guid":{"rendered":"http:\/\/localhost\/web\/?post_type=product&#038;p=238"},"modified":"2021-11-18T11:14:15","modified_gmt":"2021-11-18T09:14:15","slug":"relatos-cortos","status":"publish","type":"product","link":"https:\/\/codingout.cat\/coop1\/producte\/relatos-cortos\/","title":{"rendered":"RELATOS CORTOS"},"content":{"rendered":"<p>SINOPSIS<\/p>\n<p>El pasado, el presente y el futuro se entrelazan en una serie de relatos con un v\u00ednculo en com\u00fan: el descubrimiento del amor incondicional, la afirmaci\u00f3n de la personalidad, el autoconocimiento del esp\u00edritu y todas aquellas cuestiones que afectan a las personas en los momentos m\u00e1s cruciales de sus vidas.<\/p>\n","protected":false},"excerpt":{"rendered":"<p>SINOPSIS El pasado, el presente y el futuro se entrelazan en una serie de relatos con un v\u00ednculo en com\u00fan: el descubrimiento del amor incondicional, la afirmaci\u00f3n de la personalidad, el autoconocimiento del esp\u00edritu y todas aquellas cuestiones que afectan a las personas en los momentos m\u00e1s cruciales de sus &hellip;<\/p>\n","protected":false},"featured_media":775,"comment_status":"open","ping_status":"closed","template":"","meta":[],"product_cat":[37],"product_tag":[],"_links":{"self":[{"href":"https:\/\/codingout.cat\/coop1\/wp-json\/wp\/v2\/product\/238"}],"collection":[{"href":"https:\/\/codingout.cat\/coop1\/wp-json\/wp\/v2\/product"}],"about":[{"href":"https:\/\/codingout.cat\/coop1\/wp-json\/wp\/v2\/types\/product"}],"replies":[{"embeddable":true,"href":"https:\/\/codingout.cat\/coop1\/wp-json\/wp\/v2\/comments?post=238"}],"wp:featuredmedia":[{"embeddable":true,"href":"https:\/\/codingout.cat\/coop1\/wp-json\/wp\/v2\/media\/775"}],"wp:attachment":[{"href":"https:\/\/codingout.cat\/coop1\/wp-json\/wp\/v2\/media?parent=238"}],"wp:term":[{"taxonomy":"product_cat","embeddable":true,"href":"https:\/\/codingout.cat\/coop1\/wp-json\/wp\/v2\/product_cat?post=238"},{"taxonomy":"product_tag","embeddable":true,"href":"https:\/\/codingout.cat\/coop1\/wp-json\/wp\/v2\/product_tag?post=238"}],"curies":[{"name":"wp","href":"https:\/\/api.w.org\/{rel}","templated":true}]}}