{"id":229,"date":"2021-11-03T10:54:43","date_gmt":"2021-11-03T08:54:43","guid":{"rendered":"http:\/\/localhost\/web\/?post_type=product&#038;p=229"},"modified":"2021-11-18T11:16:39","modified_gmt":"2021-11-18T09:16:39","slug":"novel%c2%b7la-ficcio-el-escarabajo-y-el-cazador-de-palabras","status":"publish","type":"product","link":"https:\/\/codingout.cat\/coop1\/producte\/novel%c2%b7la-ficcio-el-escarabajo-y-el-cazador-de-palabras\/","title":{"rendered":"NOVEL\u00b7LA FICCI\u00d3: EL ESCARABAJO Y EL CAZADOR DE PALABRAS"},"content":{"rendered":"<p>SINOPSIS<\/p>\n<p>La vida de Azar\u00edas, un modesto taxista mexicano transcurre con suma placidez y armon\u00eda. Cada ma\u00f1ana, cuando inicia su jornada laboral se siente agradecido al universo, porque sabe que es muy afortunado. Cada cliente que sube en su Escarabajo es una persona \u00fanica que le proporcionar\u00e1 nuevas palabras que ir\u00e1 incluyendo en su diccionario personal.<br \/>\nA medida que transcurre el relato, iremos conociendo a una serie de personajes que con sus historias enriquecer\u00e1n nuestra existencia, haci\u00e9ndonos so\u00f1ar y descubri\u00e9ndonos la magia del amor por la vida y la necesidad de trascender a nosotros mismos.<\/p>\n","protected":false},"excerpt":{"rendered":"<p>SINOPSIS La vida de Azar\u00edas, un modesto taxista mexicano transcurre con suma placidez y armon\u00eda. Cada ma\u00f1ana, cuando inicia su jornada laboral se siente agradecido al universo, porque sabe que es muy afortunado. Cada cliente que sube en su Escarabajo es una persona \u00fanica que le proporcionar\u00e1 nuevas palabras que &hellip;<\/p>\n","protected":false},"featured_media":834,"comment_status":"open","ping_status":"closed","template":"","meta":[],"product_cat":[35],"product_tag":[],"_links":{"self":[{"href":"https:\/\/codingout.cat\/coop1\/wp-json\/wp\/v2\/product\/229"}],"collection":[{"href":"https:\/\/codingout.cat\/coop1\/wp-json\/wp\/v2\/product"}],"about":[{"href":"https:\/\/codingout.cat\/coop1\/wp-json\/wp\/v2\/types\/product"}],"replies":[{"embeddable":true,"href":"https:\/\/codingout.cat\/coop1\/wp-json\/wp\/v2\/comments?post=229"}],"wp:featuredmedia":[{"embeddable":true,"href":"https:\/\/codingout.cat\/coop1\/wp-json\/wp\/v2\/media\/834"}],"wp:attachment":[{"href":"https:\/\/codingout.cat\/coop1\/wp-json\/wp\/v2\/media?parent=229"}],"wp:term":[{"taxonomy":"product_cat","embeddable":true,"href":"https:\/\/codingout.cat\/coop1\/wp-json\/wp\/v2\/product_cat?post=229"},{"taxonomy":"product_tag","embeddable":true,"href":"https:\/\/codingout.cat\/coop1\/wp-json\/wp\/v2\/product_tag?post=229"}],"curies":[{"name":"wp","href":"https:\/\/api.w.org\/{rel}","templated":true}]}}