{"id":223,"date":"2021-11-03T10:44:39","date_gmt":"2021-11-03T08:44:39","guid":{"rendered":"http:\/\/localhost\/web\/?post_type=product&#038;p=223"},"modified":"2021-11-18T12:32:50","modified_gmt":"2021-11-18T10:32:50","slug":"novel%c2%b7la-ficcio-secuestro-es-un-verbo","status":"publish","type":"product","link":"https:\/\/codingout.cat\/coop1\/producte\/novel%c2%b7la-ficcio-secuestro-es-un-verbo\/","title":{"rendered":"NOVEL\u00b7LA FICCI\u00d3: SECUESTRO ES UN VERBO"},"content":{"rendered":"<p>SINOPSIS<\/p>\n<p>El 14 de abril del 2014 el mundo asisti\u00f3 con rabia e indignaci\u00f3n al secuestro masivo de unas ni\u00f1as que estudiaban en una escuela cristiana de Nigeria. Los autores, la organizaci\u00f3n terrorista Boko Haram, que lucha desde el a\u00f1o 2002 por instaurar un califato de terror en toda \u00c1frica, quiso lanzar un mensaje contundente: la educaci\u00f3n occidental es pecado. La respuesta fue un clamor mundial sin precedentes que se extendi\u00f3 de forma incre\u00edble por internet; auspiciada por la campa\u00f1a \u201cBring back out girls\u201d, se exigi\u00f3 su liberaci\u00f3n inmediata.<br \/>\nPero por desgracia el tiempo fue pasando y aunque algunas de esas chiquillas consiguieron escaparse de sus captores, el olvido de lo que sucedi\u00f3 con el resto se convirti\u00f3 en una amarga realidad.<br \/>\nA medida que transcurre la acci\u00f3n, los lectores podr\u00e1n profundizar sobre el origen del mal y la dualidad humana, reflexionando sobre el grado de responsabilidad individual que deber\u00edamos tener como ciudadanos universales. La disyuntiva de actuar y plantar cara a las injusticias o simplemente resignarse y mirar hacia otro lado se ve reflejado en la amplia galer\u00eda de personajes que discurren por una narraci\u00f3n arrolladora y completamente absorbente.<br \/>\nAs\u00ed, Alexandra Ros, una multimillonaria algo exc\u00e9ntrica y dada a las aventuras, convence a una amiga para llevar a cabo una misi\u00f3n casi suicida: viajar al coraz\u00f3n de \u00c1frica para rescatarlas. Formando parte de un peque\u00f1o comando, Paula, una agente de polic\u00eda condecorada por su intervenci\u00f3n en los atentados islamistas de Barcelona y Cambrils, no sabe negarse. Su vida actual ha dejado de tener sentido; se encuentra convaleciente despu\u00e9s de perder a su marido e hija en un accidente de tr\u00e1fico y decide acompa\u00f1arle.<\/p>\n<p>Juntas emprender\u00e1n una arriesgada aventura, redimi\u00e9ndose en una profunda y dolorosa catarsis que cambiar\u00e1 para siempre sus vidas.<\/p>\n","protected":false},"excerpt":{"rendered":"<p>SINOPSIS El 14 de abril del 2014 el mundo asisti\u00f3 con rabia e indignaci\u00f3n al secuestro masivo de unas ni\u00f1as que estudiaban en una escuela cristiana de Nigeria. Los autores, la organizaci\u00f3n terrorista Boko Haram, que lucha desde el a\u00f1o 2002 por instaurar un califato de terror en toda \u00c1frica, &hellip;<\/p>\n","protected":false},"featured_media":916,"comment_status":"open","ping_status":"closed","template":"","meta":[],"product_cat":[35],"product_tag":[],"_links":{"self":[{"href":"https:\/\/codingout.cat\/coop1\/wp-json\/wp\/v2\/product\/223"}],"collection":[{"href":"https:\/\/codingout.cat\/coop1\/wp-json\/wp\/v2\/product"}],"about":[{"href":"https:\/\/codingout.cat\/coop1\/wp-json\/wp\/v2\/types\/product"}],"replies":[{"embeddable":true,"href":"https:\/\/codingout.cat\/coop1\/wp-json\/wp\/v2\/comments?post=223"}],"wp:featuredmedia":[{"embeddable":true,"href":"https:\/\/codingout.cat\/coop1\/wp-json\/wp\/v2\/media\/916"}],"wp:attachment":[{"href":"https:\/\/codingout.cat\/coop1\/wp-json\/wp\/v2\/media?parent=223"}],"wp:term":[{"taxonomy":"product_cat","embeddable":true,"href":"https:\/\/codingout.cat\/coop1\/wp-json\/wp\/v2\/product_cat?post=223"},{"taxonomy":"product_tag","embeddable":true,"href":"https:\/\/codingout.cat\/coop1\/wp-json\/wp\/v2\/product_tag?post=223"}],"curies":[{"name":"wp","href":"https:\/\/api.w.org\/{rel}","templated":true}]}}