{"id":203,"date":"2021-11-04T11:20:40","date_gmt":"2021-11-04T09:20:40","guid":{"rendered":"http:\/\/localhost\/web\/?post_type=product&#038;p=203"},"modified":"2021-11-16T11:59:45","modified_gmt":"2021-11-16T09:59:45","slug":"servei-de-disseny-de-portades","status":"publish","type":"product","link":"https:\/\/codingout.cat\/coop1\/producte\/servei-de-disseny-de-portades\/","title":{"rendered":"SERVEI DE DISSENY DE PORTADES"},"content":{"rendered":"<p>\u00c9s molt important cuidar un aspecte fonamental del teu llibre. Creiem que la portada diu moltes coses de l&#8217;obra i del seu autor\/a i condiciona molt la decisi\u00f3 del futur lector. El nostre equip de dissenyadors llegir\u00e0 l&#8217;obra i disssenyar\u00e0 cinc propostes diferents perqu\u00e8 tinguis opcions per triar<\/p>\n","protected":false},"excerpt":{"rendered":"<p>\u00c9s molt important cuidar un aspecte fonamental del teu llibre. Creiem que la portada diu moltes coses de l&#8217;obra i del seu autor\/a i condiciona molt la decisi\u00f3 del futur lector. El nostre equip de dissenyadors llegir\u00e0 l&#8217;obra i disssenyar\u00e0 cinc propostes diferents perqu\u00e8 tinguis opcions per triar<\/p>\n","protected":false},"featured_media":934,"comment_status":"open","ping_status":"closed","template":"","meta":[],"product_cat":[34],"product_tag":[],"_links":{"self":[{"href":"https:\/\/codingout.cat\/coop1\/wp-json\/wp\/v2\/product\/203"}],"collection":[{"href":"https:\/\/codingout.cat\/coop1\/wp-json\/wp\/v2\/product"}],"about":[{"href":"https:\/\/codingout.cat\/coop1\/wp-json\/wp\/v2\/types\/product"}],"replies":[{"embeddable":true,"href":"https:\/\/codingout.cat\/coop1\/wp-json\/wp\/v2\/comments?post=203"}],"wp:featuredmedia":[{"embeddable":true,"href":"https:\/\/codingout.cat\/coop1\/wp-json\/wp\/v2\/media\/934"}],"wp:attachment":[{"href":"https:\/\/codingout.cat\/coop1\/wp-json\/wp\/v2\/media?parent=203"}],"wp:term":[{"taxonomy":"product_cat","embeddable":true,"href":"https:\/\/codingout.cat\/coop1\/wp-json\/wp\/v2\/product_cat?post=203"},{"taxonomy":"product_tag","embeddable":true,"href":"https:\/\/codingout.cat\/coop1\/wp-json\/wp\/v2\/product_tag?post=203"}],"curies":[{"name":"wp","href":"https:\/\/api.w.org\/{rel}","templated":true}]}}