{"id":153,"date":"2021-10-26T10:37:39","date_gmt":"2021-10-26T08:37:39","guid":{"rendered":"http:\/\/localhost\/web\/?post_type=product&#038;p=153"},"modified":"2021-11-18T11:19:40","modified_gmt":"2021-11-18T09:19:40","slug":"servei-de-correccio","status":"publish","type":"product","link":"https:\/\/codingout.cat\/coop1\/producte\/servei-de-correccio\/","title":{"rendered":"Servei de correcci\u00f3"},"content":{"rendered":"<p>Els membres del nostre &#8220;staff&#8221; revisaran els vostres escrits i corregiran les errades m\u00e9s habituals, deixant el text en condicions ideals per editar-se.<\/p>\n","protected":false},"excerpt":{"rendered":"<p>Revisem el teu manuscrit perqu\u00e8 no contingui cap errada ni ortogr\u00e0fica ni ortotipogr\u00e0fica.<br \/>\nEl primer que recordar\u00e0 un lector\/a ser\u00e0 aquell accent que no hi era.<\/p>\n","protected":false},"featured_media":733,"comment_status":"open","ping_status":"closed","template":"","meta":[],"product_cat":[33],"product_tag":[],"_links":{"self":[{"href":"https:\/\/codingout.cat\/coop1\/wp-json\/wp\/v2\/product\/153"}],"collection":[{"href":"https:\/\/codingout.cat\/coop1\/wp-json\/wp\/v2\/product"}],"about":[{"href":"https:\/\/codingout.cat\/coop1\/wp-json\/wp\/v2\/types\/product"}],"replies":[{"embeddable":true,"href":"https:\/\/codingout.cat\/coop1\/wp-json\/wp\/v2\/comments?post=153"}],"wp:featuredmedia":[{"embeddable":true,"href":"https:\/\/codingout.cat\/coop1\/wp-json\/wp\/v2\/media\/733"}],"wp:attachment":[{"href":"https:\/\/codingout.cat\/coop1\/wp-json\/wp\/v2\/media?parent=153"}],"wp:term":[{"taxonomy":"product_cat","embeddable":true,"href":"https:\/\/codingout.cat\/coop1\/wp-json\/wp\/v2\/product_cat?post=153"},{"taxonomy":"product_tag","embeddable":true,"href":"https:\/\/codingout.cat\/coop1\/wp-json\/wp\/v2\/product_tag?post=153"}],"curies":[{"name":"wp","href":"https:\/\/api.w.org\/{rel}","templated":true}]}}