{"id":1281,"date":"2021-11-16T12:37:25","date_gmt":"2021-11-16T10:37:25","guid":{"rendered":"http:\/\/codingout.cat\/coop1\/?post_type=product&#038;p=1281"},"modified":"2021-11-18T10:36:15","modified_gmt":"2021-11-18T08:36:15","slug":"luchando-contra-kronos","status":"publish","type":"product","link":"https:\/\/codingout.cat\/coop1\/producte\/luchando-contra-kronos\/","title":{"rendered":"LUCHANDO CONTRA KRONOS"},"content":{"rendered":"<p>Algunos sucesos extra\u00f1os est\u00e1n pasando en Madrid: en el intervalo de dos d\u00edas, aparecen sin vida los cuerpos de algunos jueces del Tribunal Supremo. A pesar de que todos los indicios se\u00f1alan que son muertes fortuitas y que no est\u00e1n relacionadas entre s\u00ed, el Inspector Blanco, un agente con experiencia, pero con una vida personal ca\u00f3tica empieza a investigar.<br \/>\nMientras tanto, en la ciudad Condal, algunos miembros de la Alta Magistratura aparecen muertas en ins\u00f3litas circunstancias. Algunos agentes de pol\u00edcia que estuvieron implicados en una investigaci\u00f3n por un doble asesinato, acaecido d\u00e9cadas atr\u00e1s, tambi\u00e9n encuentran la muerte.<br \/>\n\u00bfExiste alg\u00fan tipo de relaci\u00f3n entre estos casos?<br \/>\n\u00bfPodr\u00e1n las fuerzas del orden detener a los culpables?<br \/>\nNo lo tendr\u00e1n f\u00e1cil, ya que esta historia se remonta muchos a\u00f1os atr\u00e1s y donde nada es lo que parece.<\/p>\n","protected":false},"excerpt":{"rendered":"<p>Algunos sucesos extra\u00f1os est\u00e1n pasando en Madrid: en el intervalo de dos d\u00edas, aparecen sin vida los cuerpos de algunos jueces del Tribunal Supremo. A pesar de que todos los indicios se\u00f1alan que son muertes fortuitas y que no est\u00e1n relacionadas entre s\u00ed, el Inspector Blanco, un agente con experiencia, &hellip;<\/p>\n","protected":false},"featured_media":897,"comment_status":"open","ping_status":"closed","template":"","meta":[],"product_cat":[32],"product_tag":[],"_links":{"self":[{"href":"https:\/\/codingout.cat\/coop1\/wp-json\/wp\/v2\/product\/1281"}],"collection":[{"href":"https:\/\/codingout.cat\/coop1\/wp-json\/wp\/v2\/product"}],"about":[{"href":"https:\/\/codingout.cat\/coop1\/wp-json\/wp\/v2\/types\/product"}],"replies":[{"embeddable":true,"href":"https:\/\/codingout.cat\/coop1\/wp-json\/wp\/v2\/comments?post=1281"}],"wp:featuredmedia":[{"embeddable":true,"href":"https:\/\/codingout.cat\/coop1\/wp-json\/wp\/v2\/media\/897"}],"wp:attachment":[{"href":"https:\/\/codingout.cat\/coop1\/wp-json\/wp\/v2\/media?parent=1281"}],"wp:term":[{"taxonomy":"product_cat","embeddable":true,"href":"https:\/\/codingout.cat\/coop1\/wp-json\/wp\/v2\/product_cat?post=1281"},{"taxonomy":"product_tag","embeddable":true,"href":"https:\/\/codingout.cat\/coop1\/wp-json\/wp\/v2\/product_tag?post=1281"}],"curies":[{"name":"wp","href":"https:\/\/api.w.org\/{rel}","templated":true}]}}