{"id":62,"date":"2021-10-18T11:43:56","date_gmt":"2021-10-18T09:43:56","guid":{"rendered":"http:\/\/localhost\/web\/?page_id=62"},"modified":"2021-11-16T11:17:46","modified_gmt":"2021-11-16T09:17:46","slug":"quins-serveis-oferim","status":"publish","type":"page","link":"https:\/\/codingout.cat\/coop1\/quins-serveis-oferim\/","title":{"rendered":"QUINS SERVEIS OFERIM"},"content":{"rendered":"<p>A la nostre botiga &#8220;on line&#8221; podr\u00e0s comprar els llibres dels nostres autors\/es i tamb\u00e9 t&#8217;oferim altres serveis, com representaci\u00f3 legal, gesti\u00f3 de drets d\u2019imatge, correcci\u00f3 de textos, traducci\u00f3, disseny de portades i assessoria jur\u00eddica i financera.<\/p>\n","protected":false},"excerpt":{"rendered":"<p> A la nostre botiga &#8220;on line&#8221; podr\u00e0s comprar els llibres dels nostres autors\/es i t&#8217;oferim altres serveis, com ara &#8230;<\/p>\n","protected":false},"author":2,"featured_media":600,"parent":0,"menu_order":0,"comment_status":"closed","ping_status":"closed","template":"","meta":[],"_links":{"self":[{"href":"https:\/\/codingout.cat\/coop1\/wp-json\/wp\/v2\/pages\/62"}],"collection":[{"href":"https:\/\/codingout.cat\/coop1\/wp-json\/wp\/v2\/pages"}],"about":[{"href":"https:\/\/codingout.cat\/coop1\/wp-json\/wp\/v2\/types\/page"}],"author":[{"embeddable":true,"href":"https:\/\/codingout.cat\/coop1\/wp-json\/wp\/v2\/users\/2"}],"replies":[{"embeddable":true,"href":"https:\/\/codingout.cat\/coop1\/wp-json\/wp\/v2\/comments?post=62"}],"version-history":[{"count":3,"href":"https:\/\/codingout.cat\/coop1\/wp-json\/wp\/v2\/pages\/62\/revisions"}],"predecessor-version":[{"id":1255,"href":"https:\/\/codingout.cat\/coop1\/wp-json\/wp\/v2\/pages\/62\/revisions\/1255"}],"wp:featuredmedia":[{"embeddable":true,"href":"https:\/\/codingout.cat\/coop1\/wp-json\/wp\/v2\/media\/600"}],"wp:attachment":[{"href":"https:\/\/codingout.cat\/coop1\/wp-json\/wp\/v2\/media?parent=62"}],"curies":[{"name":"wp","href":"https:\/\/api.w.org\/{rel}","templated":true}]}}