{"id":60,"date":"2021-10-18T11:42:06","date_gmt":"2021-10-18T09:42:06","guid":{"rendered":"http:\/\/localhost\/web\/?page_id=60"},"modified":"2021-11-18T12:28:41","modified_gmt":"2021-11-18T10:28:41","slug":"com-ho-fem","status":"publish","type":"page","link":"https:\/\/codingout.cat\/coop1\/com-ho-fem\/","title":{"rendered":"COM HO FEM"},"content":{"rendered":"<p>Ens podeu enviar la vostre obra en format digital mitjan\u00e7ant el correu electr\u00f2nic; una vegada rebuda i en un termini m\u00e0xim de 30 dies us entregarem un informe preliminar detallat sobre les q\u00fcestions m\u00e9s elementals, com ara una opini\u00f3 general sobre l&#8217;obra, revisarem l&#8217;estructura narrativa de la hist\u00f2ria (all\u00f2 tant elemental com \u00e9s la presentaci\u00f3-nus-desenlla\u00e7), l&#8217;estil, el vocabulari, la presentaci\u00f3 dels personatges i els estereotips, l&#8217;ortografia, la gram\u00e0tica, la sintaxi, etc&#8230;<br \/>\nUna vegada arribat a un acord, es signar\u00e0 un contracte de representaci\u00f3 i l\u2019Editorial s\u2019encarregar\u00e0 de tot.<\/p>\n<hr \/>\n<p>1. Envia el teu manuscrit original<\/p>\n<a href=\"http:\/\/codingout.cat\/coop1\/enviar-manuscrit\/\" class=\"su-button su-button-style-default\" style=\"color:#FFFFFF;background-color:#2db0ef;border-color:#248dc0;border-radius:5px;-moz-border-radius:5px;-webkit-border-radius:5px\" target=\"_blank\" rel=\"noopener noreferrer\"><span style=\"color:#FFFFFF;padding:6px 16px;font-size:13px;line-height:20px;border-color:#6cc8f4;border-radius:5px;-moz-border-radius:5px;-webkit-border-radius:5px;text-shadow:none;-moz-text-shadow:none;-webkit-text-shadow:none\"><i class=\"sui sui-paperclip\" style=\"font-size:13px;color:#FFFFFF\"><\/i> Enviar manuscrit<\/span><\/a>\n<p>2. En un termini m\u00e0xim de trenta dies rebr\u00e0s un informe preliminar<br \/>\n3. Es formalitza el contracte de representaci\u00f3 <a href=\"http:\/\/codingout.cat\/coop1\/wp-content\/uploads\/2021\/11\/CONTRACTE-REPRESENTACIO.docx\">CONTRACTE REPRESENTACI\u00d3<\/a><br \/>\n4. Publicaci\u00f3 de l&#8217;obra, distribuci\u00f3 i promoci\u00f3<\/p>\n<p>&nbsp;<\/p>\n<p>&nbsp;<\/p>\n","protected":false},"excerpt":{"rendered":"<p>Ens podeu enviar la vostre obra en format digital mitjan\u00e7ant el correu electr\u00f2nic; una vegada rebuda i en un termini m\u00e0xim de 30 dies us<\/p>\n","protected":false},"author":2,"featured_media":998,"parent":0,"menu_order":0,"comment_status":"closed","ping_status":"closed","template":"","meta":[],"_links":{"self":[{"href":"https:\/\/codingout.cat\/coop1\/wp-json\/wp\/v2\/pages\/60"}],"collection":[{"href":"https:\/\/codingout.cat\/coop1\/wp-json\/wp\/v2\/pages"}],"about":[{"href":"https:\/\/codingout.cat\/coop1\/wp-json\/wp\/v2\/types\/page"}],"author":[{"embeddable":true,"href":"https:\/\/codingout.cat\/coop1\/wp-json\/wp\/v2\/users\/2"}],"replies":[{"embeddable":true,"href":"https:\/\/codingout.cat\/coop1\/wp-json\/wp\/v2\/comments?post=60"}],"version-history":[{"count":6,"href":"https:\/\/codingout.cat\/coop1\/wp-json\/wp\/v2\/pages\/60\/revisions"}],"predecessor-version":[{"id":1318,"href":"https:\/\/codingout.cat\/coop1\/wp-json\/wp\/v2\/pages\/60\/revisions\/1318"}],"wp:featuredmedia":[{"embeddable":true,"href":"https:\/\/codingout.cat\/coop1\/wp-json\/wp\/v2\/media\/998"}],"wp:attachment":[{"href":"https:\/\/codingout.cat\/coop1\/wp-json\/wp\/v2\/media?parent=60"}],"curies":[{"name":"wp","href":"https:\/\/api.w.org\/{rel}","templated":true}]}}