{"id":54,"date":"2021-10-18T11:36:21","date_gmt":"2021-10-18T09:36:21","guid":{"rendered":"http:\/\/localhost\/web\/?page_id=54"},"modified":"2021-11-16T11:22:55","modified_gmt":"2021-11-16T09:22:55","slug":"qui-som","status":"publish","type":"page","link":"https:\/\/codingout.cat\/coop1\/qui-som\/","title":{"rendered":"QUI SOM"},"content":{"rendered":"<p>Som un grup de lletraferits i lletraferides, provinents de diverses disciplines i \u00e0mbits, com ara la Hist\u00f2ria de l\u2019Art, el Dret, l\u2019Educaci\u00f3, la Integraci\u00f3 Social, la defensa dels col.lectius minoritaris i LGTBI. No volem ser la tipica empresa mercantil, ni el nostre objectiu \u00e9s obtenir un benefici econ\u00f2mic. Funcionem de manera assemble\u00e0ria i invertim el nostre temps i els guanys en fer cr\u00e9ixer l&#8217;empresa. Ens mou l\u2019inter\u00e8s per l\u2019escriptura i oferim una oportunitat \u00fanica a persones per que puguin publicar els seus escrits, novel\u2022les, relats, contes, poesies, assajos, sense cap cost per ells.<\/p>\n<p>Tamb\u00e9 volem obrir les nostres portes a totes aquelles persones que de manera altruista vulguin formar part d&#8217;aquesta aventura. No importa la formaci\u00f3 que tinguis, ni l&#8217;edat, ni la teva experi\u00e8ncia professional. Nom\u00e9s has de tenir passi\u00f3 per la literatura i voler dedicar el teu temps lliure. No importa on visquis, ni la dist\u00e0ncia que ens separi; amb les noves tecnologies ens podrem con\u00e8ixer i col\u00b7laborar a dist\u00e0ncia. Estem segurs que les teves aportacions seran un regal per a tots.<\/p>\n<p>Omple el formulari i de seguida et contactarem.<\/p>\n<div role=\"form\" class=\"wpcf7\" id=\"wpcf7-f327-o1\" lang=\"ca\" dir=\"ltr\">\n<div class=\"screen-reader-response\"><p role=\"status\" aria-live=\"polite\" aria-atomic=\"true\"><\/p> <ul><\/ul><\/div>\n<form action=\"\/coop1\/wp-json\/wp\/v2\/pages\/54#wpcf7-f327-o1\" method=\"post\" class=\"wpcf7-form init\" novalidate=\"novalidate\" data-status=\"init\">\n<div style=\"display: none;\">\n<input type=\"hidden\" name=\"_wpcf7\" value=\"327\" \/>\n<input type=\"hidden\" name=\"_wpcf7_version\" value=\"5.4.2\" \/>\n<input type=\"hidden\" name=\"_wpcf7_locale\" value=\"ca\" \/>\n<input type=\"hidden\" name=\"_wpcf7_unit_tag\" value=\"wpcf7-f327-o1\" \/>\n<input type=\"hidden\" name=\"_wpcf7_container_post\" value=\"0\" \/>\n<input type=\"hidden\" name=\"_wpcf7_posted_data_hash\" value=\"\" \/>\n<\/div>\n<p><label> Nom<br \/>\n    <span class=\"wpcf7-form-control-wrap your-name\"><input type=\"text\" name=\"your-name\" value=\"\" size=\"40\" class=\"wpcf7-form-control wpcf7-text wpcf7-validates-as-required\" aria-required=\"true\" aria-invalid=\"false\" \/><\/span> <\/label><\/p>\n<p><label> El teu correu electr\u00f2nic<br \/>\n    <span class=\"wpcf7-form-control-wrap your-email\"><input type=\"email\" name=\"your-email\" value=\"\" size=\"40\" class=\"wpcf7-form-control wpcf7-text wpcf7-email wpcf7-validates-as-required wpcf7-validates-as-email\" aria-required=\"true\" aria-invalid=\"false\" \/><\/span> <\/label><\/p>\n<p><label> Assumpte<br \/>\n    <span class=\"wpcf7-form-control-wrap your-subject\"><input type=\"text\" name=\"your-subject\" value=\"\" size=\"40\" class=\"wpcf7-form-control wpcf7-text wpcf7-validates-as-required\" aria-required=\"true\" aria-invalid=\"false\" \/><\/span> <\/label><\/p>\n<p><label> Missatge<br \/>\n    <span class=\"wpcf7-form-control-wrap your-message\"><textarea name=\"your-message\" cols=\"40\" rows=\"10\" class=\"wpcf7-form-control wpcf7-textarea\" aria-invalid=\"false\"><\/textarea><\/span> <\/label><\/p>\n<p><input type=\"submit\" value=\"Submit\" class=\"wpcf7-form-control wpcf7-submit\" \/><\/p>\n<div class=\"wpcf7-response-output\" aria-hidden=\"true\"><\/div><\/form><\/div>\n","protected":false},"excerpt":{"rendered":"<p>Som un grup de lletraferits i lletraferides, provinents de diverses disciplines i \u00e0mbits, com ara la Hist\u00f2ria de l\u2019Art, el Dret, l\u2019Educaci\u00f3, <\/p>\n","protected":false},"author":2,"featured_media":1153,"parent":0,"menu_order":0,"comment_status":"closed","ping_status":"closed","template":"","meta":[],"_links":{"self":[{"href":"https:\/\/codingout.cat\/coop1\/wp-json\/wp\/v2\/pages\/54"}],"collection":[{"href":"https:\/\/codingout.cat\/coop1\/wp-json\/wp\/v2\/pages"}],"about":[{"href":"https:\/\/codingout.cat\/coop1\/wp-json\/wp\/v2\/types\/page"}],"author":[{"embeddable":true,"href":"https:\/\/codingout.cat\/coop1\/wp-json\/wp\/v2\/users\/2"}],"replies":[{"embeddable":true,"href":"https:\/\/codingout.cat\/coop1\/wp-json\/wp\/v2\/comments?post=54"}],"version-history":[{"count":4,"href":"https:\/\/codingout.cat\/coop1\/wp-json\/wp\/v2\/pages\/54\/revisions"}],"predecessor-version":[{"id":1307,"href":"https:\/\/codingout.cat\/coop1\/wp-json\/wp\/v2\/pages\/54\/revisions\/1307"}],"wp:featuredmedia":[{"embeddable":true,"href":"https:\/\/codingout.cat\/coop1\/wp-json\/wp\/v2\/media\/1153"}],"wp:attachment":[{"href":"https:\/\/codingout.cat\/coop1\/wp-json\/wp\/v2\/media?parent=54"}],"curies":[{"name":"wp","href":"https:\/\/api.w.org\/{rel}","templated":true}]}}