{"id":158,"date":"2021-09-24T10:29:08","date_gmt":"2021-09-24T08:29:08","guid":{"rendered":"http:\/\/localhost\/wp\/?page_id=3"},"modified":"2021-11-17T10:44:35","modified_gmt":"2021-11-17T08:44:35","slug":"politica-privacidad","status":"publish","type":"page","link":"http:\/\/codingout.cat\/coop2\/index.php\/politica-privacidad\/","title":{"rendered":"Pol\u00edtica de privacidad"},"content":{"rendered":"\n<p>El Titular le informa sobre su Pol\u00edtica de Privacidad respecto del tratamiento y protecci\u00f3n de los datos de car\u00e1cter personal de los usuarios  que puedan ser recabados durante la navegaci\u00f3n a trav\u00e9s del Sitio Web: <a href=\"\">http:\/\/codingout.cat\/coop2<\/a>\n<\/p>\n\n<p>\n\tEn este sentido, el Titular garantiza el cumplimiento de la normativa vigente en materia de protecci\u00f3n de datos personales, reflejada en la Ley Org\u00e1nica 3\/2018, de 5 de diciembre, de Protecci\u00f3n de Datos Personales y de Garant\u00eda de Derechos Digitales (LOPD GDD). Cumple tambi\u00e9n con el Reglamento (UE) 2016\/679 del Parlamento Europeo y del Consejo de 27 de abril de 2016 relativo a la protecci\u00f3n de las personas f\u00edsicas (RGPD).\n<\/p>\n\n<p>\n\tEl uso de sitio Web implica la aceptaci\u00f3n de esta Pol\u00edtica de Privacidad&nbsp;as\u00ed como las condiciones incluidas en el &nbsp;<a href=\"http:\/\/codingout.cat\/coop2\/index.php\/aviso-legal\/\">Aviso Legal<\/a>.\n<\/p>\n\n<h2>Identidad del Responsable<\/h2>\n<p>\n  <ul>    \n    <li>\n      <b>Responsable:<\/b>&nbsp;   \n      \n      El titular del sitio.\n    <\/li>\n    \n\n\n    <li>\n      <b>Domicilio:<\/b>&nbsp;\n        - Espa\u00f1a.\n    <\/li>\n    \n    \n\n    <li>\n      <b>Sitio Web:<\/b>&nbsp;\n      <a href=\"\">http:\/\/codingout.cat\/coop2<\/a>\n    <\/li>\n  <\/ul>\n<\/p>\n\n\n<h2>Principios aplicados en el tratamiento de datos<\/h2>\n<p>\n\tEn el tratamiento de sus datos personales, el Titular aplicar\u00e1 los siguientes principios que se ajustan a las exigencias del nuevo reglamento europeo de protecci\u00f3n de datos (RGPD):\n<\/p>\n\n<p>\n  <ul>\n    <li>\n      Principio de licitud, lealtad y transparencia: El Titular siempre requerir\u00e1 el consentimiento para el tratamiento de los datos personales que puede ser para uno o varios fines espec\u00edficos sobre los que el Titular informar\u00e1 al Usuario previamente con absoluta transparencia.\n    <\/li>\n    <li>\n      Principio de minimizaci\u00f3n de datos: El Titular solicitar\u00e1 solo los datos estrictamente necesarios para el fin o los fines que los solicita.\n    <\/li> \n    <li>\n      Principio de limitaci\u00f3n del plazo de conservaci\u00f3n: El Titular mantendr\u00e1 los datos personales recabados durante el tiempo estrictamente necesario para el fin o los fines del tratamiento. El Titular informar\u00e1 al Usuario del plazo de conservaci\u00f3n correspondiente seg\u00fan la finalidad.\n      <br>En el caso de suscripciones, el Titular revisar\u00e1 peri\u00f3dicamente las listas y eliminar\u00e1 aquellos registros inactivos durante un tiempo considerable.\n    <\/li>\n    <li>\n      Principio de integridad y confidencialidad: Los datos personales recabados ser\u00e1n tratados de tal manera que su seguridad, confidencialidad e integridad est\u00e9 garantizada.\n      <br>El Titular toma las precauciones necesarias para evitar el acceso no autorizado o uso indebido de los datos de sus usuarios por parte de terceros.\n    <\/li>\n  <\/ul>\n<\/p>\n\n<h2>Obtenci\u00f3n de datos personales<\/h2>\n<p>\n  Para navegar por el sitio Web no es necesario que facilite ning\u00fan dato personal.\n<\/p>\n\n<p>\n  Los casos en los que usted s\u00ed proporciona sus datos personales son los siguientes:\n<\/p>\n<p>\n  <ul>    \n      <li>Al contactar a trav\u00e9s de los formularios de contacto o enviar un correo electr\u00f3nico.<\/li>\n  <\/ul>\n<\/p>\n\n<h2>Derechos<\/h2>\n<p>\n  El Titular le informa que sobre sus datos personales tiene derecho a:\n<\/p>\n<p>\n  <ul>\n    <li>Solicitar el acceso a los datos almacenados.<\/li>\n    <li>Solicitar una rectificaci\u00f3n o la cancelaci\u00f3n.<\/li>\n    <li>Solicitar la limitaci\u00f3n de su tratamiento.<\/li>\n    <li>Oponerse al tratamiento.<\/li>\n  <\/ul>\n<\/p>\n<p>\n  No puede ejercitar el derecho a la portabilidad de los datos.\n<\/p>\n\n<p>\n  El ejercicio de estos derechos es personal y por tanto debe ser ejercido directamente por el interesado, solicit\u00e1ndolo directamente al Titular, lo que significa que cualquier cliente, suscriptor o colaborador que haya facilitado sus datos en alg\u00fan momento, puede dirigirse al Titular y pedir informaci\u00f3n sobre los datos que tiene almacenados y c\u00f3mo los ha obtenido, solicitar la rectificaci\u00f3n de los mismos, oponerse al tratamiento, limitar su uso o solicitar la cancelaci\u00f3n de esos datos en los ficheros del Titular.\n<\/p>\n\n<p>  \n  Para ejercitar sus derechos tiene que enviar su petici\u00f3n junto con una fotocopia del Documento Nacional de Identidad o equivalente a&nbsp;\n  la direcci\u00f3n de correo postal:\n  <ul>\n    <li>,   - Espa\u00f1a<\/li>\n  <\/ul>\n<\/p>\n\n<p>\n  El ejercicio de estos derechos no incluye ning\u00fan dato que el Titular est\u00e9 obligado a conservar con fines administrativos, legales o de seguridad.\n<\/p>\n\n<p>\n  Tiene derecho a la tutela judicial efectiva y a presentar una reclamaci\u00f3n ante la autoridad de control, en este caso, la Agencia Espa\u00f1ola de Protecci\u00f3n de Datos, si considera que el tratamiento de datos personales que le conciernen infringe el Reglamento.\n<\/p>\n\n<h2 id=\"finalidad-del-tratamiento-de-datos-personales\">Finalidad del tratamiento de datos personales<\/h2>\n<p>\n  Cuando usted se conecta al Sitio Web para mandar un correo al Titular, se suscribe a su bolet\u00edn  est\u00e1 facilitando informaci\u00f3n de car\u00e1cter personal de la que el responsable es el Titular. Esta informaci\u00f3n puede incluir datos de car\u00e1cter personal como pueden ser su direcci\u00f3n IP, nombre y apellidos, direcci\u00f3n f\u00edsica, direcci\u00f3n de correo electr\u00f3nico, n\u00famero de tel\u00e9fono, y otra informaci\u00f3n. Al facilitar esta informaci\u00f3n, da su consentimiento para que su informaci\u00f3n sea recopilada, utilizada, gestionada y almacenada por \n  \n  &mdash;\n  \n  \n  &mdash;\n    s\u00f3lo como se describe en las p\u00e1ginas:\n    <ul>\n      <li><a href=\"http:\/\/codingout.cat\/coop2\/index.php\/aviso-legal\/\">Aviso Legal<\/a><\/li>\n      <li><a href=\"http:\/\/codingout.cat\/coop2\/index.php\/politica-privacidad\/\">Pol\u00edtica de Privacidad<\/a><\/li>\n    <\/ul>\n<\/p>\n<p>\n  Los datos personales y la finalidad del tratamiento por parte del Titular es diferente seg\u00fan el sistema de captura de informaci\u00f3n:\n<\/p>\n<p>\n  <ul>    \n    <li>\n      Formularios de contacto: El Titular solicita datos personales entre los que pueden estar: nombre y apellidos, direcci\u00f3n de correo electr\u00f3nico, n\u00famero de tel\u00e9fono y direcci\u00f3n de sitio web con la finalidad de responder las consultas de los Usuarios.<br>\n      Por ejemplo, el Titular utiliza esos datos para dar respuesta a mensajes, dudas, quejas, comentarios o inquietudes que pueden tener los Usuarios relativas a la informaci\u00f3n incluida en el sitio Web, el tratamiento de los datos personales, cuestiones referentes a los textos legales incluidos en el Sitio Web, as\u00ed como cualquier otra consulta que el Usuario pueda tener y que no est\u00e9 sujeta a las condiciones del sitio Web.\n    <\/li>\n  <\/ul> \n<\/p>\n<p>   \n  Existen otras finalidades por las que el Titular trata datos personales:\n<\/p>\n<p>\n  <ul>\n    <li>\n      Para garantizar el cumplimiento de las condiciones recogidas en la p\u00e1gina de Aviso Legal y de  la ley aplicable. Esto puede incluir el desarrollo de herramientas y algoritmos que ayuden al Sitio Web a garantizar la confidencialidad de los datos personales que recoge.\n    <\/li>\n    <li>\n      Para apoyar y mejorar los servicios que ofrece este Sitio Web.\n    <\/li>\n    <li>\n      Para analizar la navegaci\u00f3n de los usuarios. El Titular recoge otros datos no identificativos que se obtienen mediante el uso de cookies que se descargan en el ordenador del Usuario cuando navega por el Sitio Web cuyas caracter\u00edsticas y finalidad est\u00e1n detalladas en la p\u00e1gina de  <a href=\"http:\/\/codingout.cat\/coop2\/index.php\/politica-de-cookies\/\">Pol\u00edtica de Cookies<\/a>.\n    <\/li>\n  <\/ul>\n<\/p>\n\n\n<h2>Seguridad de los datos personales<\/h2>\n<p>\n  Para proteger sus datos personales, el Titular toma todas las precauciones razonables y sigue las mejores pr\u00e1cticas de la industria para evitar su p\u00e9rdida, mal uso, acceso indebido, divulgaci\u00f3n, alteraci\u00f3n o destrucci\u00f3n de los mismos.\n<\/p>\n  <p>\n    Sus datos podr\u00e1n ser incorporados a un fichero de lista de correo, del cual el Titular es responsable de su gesti\u00f3n y tratamiento. La seguridad de sus datos est\u00e1 garantizada, ya que el Titular toma todas las medidas de seguridad necesarias y le garantiza que los datos personales s\u00f3lo se usar\u00e1n para las finalidades dadas.\n  <\/p>\n\n\n  <p>\n    El Titular informa al Usuario de que sus datos personales no ser\u00e1n cedidos a terceras organizaciones, con la salvedad de que dicha cesi\u00f3n de datos est\u00e9 amparada en una obligaci\u00f3n legal o cuando la prestaci\u00f3n de un servicio implique la necesidad de una relaci\u00f3n contractual con un encargado de tratamiento. En este \u00faltimo caso, solo se llevar\u00e1 a cabo la cesi\u00f3n de datos al tercero cuando el Titular disponga del consentimiento expreso del Usuario.\n  <\/p>\n  <p>\n    Sin embargo, en algunos casos se pueden realizar colaboraciones con otros profesionales, en esos casos, se requerir\u00e1 consentimiento al Usuario informando sobre la identidad del colaborador y la finalidad de la colaboraci\u00f3n. Siempre se realizar\u00e1 con los m\u00e1s estrictos est\u00e1ndares de seguridad.\n  <\/p>\n\n\n<h2>Contenido de otros sitios web<\/h2>\n<p>\n  Las p\u00e1ginas de este sitio Web pueden incluir contenido incrustado (por ejemplo, v\u00eddeos, im\u00e1genes, art\u00edculos, etc.). El contenido incrustado de otras web se comporta exactamente de la misma manera que si hubiera visitado la otra web.\n<\/p>\n<p>\n  Estos sitios Web pueden recopilar datos sobre usted, utilizar cookies, incrustar un c\u00f3digo de seguimiento adicional de terceros, y supervisar su interacci\u00f3n usando este c\u00f3digo.\n<\/p>\n\n\n<h2>Pol\u00edtica de Cookies<\/h2>\n<p>\n  Para que este sitio Web funcione correctamente necesita utilizar cookies, que es una informaci\u00f3n que se almacena en su navegador web. \n  \n  <p>\n    Puede consultar toda la informaci\u00f3n relativa a la pol\u00edtica de recogida y tratamiento de las cookies en la p\u00e1gina de  <a href=\"http:\/\/codingout.cat\/coop2\/index.php\/politica-de-cookies\/\">Pol\u00edtica de Cookies<\/a>.\n  <\/p>\n<\/p>\n\n\n\n<h2>Legitimaci\u00f3n para el tratamiento de datos<\/h2>\n<p>\n  La base legal para el tratamiento de sus datos es:\n  <ul>\n    <li>\n      El consentimiento del interesado.\n    <\/li> \n  <\/ul>\n<\/p>\n\n\n<h2>Categor\u00edas de datos personales<\/h2>\n<p>\n  Las categor\u00edas de datos personales que trata el Titular son:\n<\/p>\n<p>\n  <ul>    \n    <li>Datos identificativos.<\/li>\n    <li>No se tratan categor\u00edas de datos especialmente protegidos.<\/li>\n  <\/ul>\n<\/p>\n\n\n<h2>Conservaci\u00f3n de datos personales<\/h2>\n<p>  \n  Los datos personales proporcionados al Titular se conservar\u00e1n hasta que solicite su supresi\u00f3n.\n<\/p>\n\n\n<div id=\"destinatarios\">\n<p>\n  <ul>  \n  <\/ul>\n<\/p>\n<\/div>\n\n\n\n<h2>Navegaci\u00f3n Web<\/h2>\n<p>\n  Al navegar por el Sitio Web se pueden recoger datos no identificativos, que pueden incluir, la direcci\u00f3n IP, geolocalizaci\u00f3n, un registro de c\u00f3mo se utilizan los servicios y sitios, h\u00e1bitos de navegaci\u00f3n y otros datos que no pueden ser utilizados para identificarle.\n<\/p>\n\n<p>\n  El sitio Web utiliza los siguientes servicios de an\u00e1lisis de terceros:\n<\/p>\n\n<p>\n  <ul>\n    \n    \n    \n  <\/ul>\n<\/p>\n<p>\n  El Titular utiliza la informaci\u00f3n obtenida para obtener datos estad\u00edsticos, analizar tendencias, administrar el sitio, estudiar patrones de navegaci\u00f3n y para recopilar informaci\u00f3n demogr\u00e1fica.\n<\/p>\n<p>\n  El Titular no se hace responsable del tratamiento de los datos personales que realicen las p\u00e1ginas web a las que pueda acceder a trav\u00e9s de los distintos enlaces que contiene el Sitio Web.\n<\/p>\n\n\n<h2>Exactitud y veracidad de los datos personales<\/h2>\n<p>\n  Usted se compromete a que los datos facilitados al Titular sean correctos, completos, exactos y vigentes, as\u00ed como a mantenerlos debidamente actualizados.\n<\/p>\n<p>\n  Como Usuario del Sitio Web es el \u00fanico responsable de la veracidad y correcci\u00f3n de los datos remitidos al Sitio Web exonerando al Titular de cualquier responsabilidad al respecto.\n<\/p>\n\n\n<h2>Aceptaci\u00f3n y consentimiento<\/h2>\n<p> \n  Como Usuario del Sitio Web declara haber sido informado de las condiciones sobre protecci\u00f3n de datos de car\u00e1cter personal, acepta y consiente el tratamiento de los mismos por parte del Titular en la forma y para las finalidades indicadas en esta Pol\u00edtica de Privacidad.\n<\/p>\n<p>\n  Para contactar con el Titular, suscribirse a un bolet\u00edn o realizar comentarios en este sitio Web tiene que aceptar la presente Pol\u00edtica de Privacidad.\n<\/p>\n\n\n<h2>Cambios en la Pol\u00edtica de Privacidad<\/h2>\n<p>\n  El Titular se reserva el derecho a modificar la presente Pol\u00edtica de Privacidad para adaptarla a novedades legislativas o jurisprudenciales, as\u00ed como a pr\u00e1cticas de la industria.\n<\/p>\n<p> \n  Estas pol\u00edticas estar\u00e1n vigentes hasta que sean modificadas por otras debidamente publicadas.\n<\/p>\n<h2>Qui\u00e9nes somos<\/h2>\n<p>La direcci\u00f3n de nuestra web es: http:\/\/localhost\/wp.<\/p>\n<h2>Qu\u00e9 datos personales recogemos y por qu\u00e9 los recogemos<\/h2>\n<h3>Comentarios<\/h3>\n<p>Cuando los visitantes dejan comentarios en la web, recopilamos los datos que se muestran en el formulario de comentarios, as\u00ed como la direcci\u00f3n IP del visitante y la cadena de agentes de usuario del navegador para ayudar a la detecci\u00f3n de spam.<\/p>\n<p>Una cadena an\u00f3nima creada a partir de tu direcci\u00f3n de correo electr\u00f3nico (tambi\u00e9n llamada hash) puede ser proporcionada al servicio de Gravatar para ver si la est\u00e1s usando. La pol\u00edtica de privacidad del servicio Gravatar est\u00e1 disponible aqu\u00ed: https:\/\/automattic.com\/privacy\/. Despu\u00e9s de la aprobaci\u00f3n de tu comentario, la imagen de tu perfil es visible para el p\u00fablico en el contexto de su comentario.<\/p>\n<h3>Medios<\/h3>\n<p>Si subes im\u00e1genes a la web deber\u00edas evitar subir im\u00e1genes con datos de ubicaci\u00f3n (GPS EXIF) incluidos. Los visitantes de la web pueden descargar y extraer cualquier dato de localizaci\u00f3n de las im\u00e1genes de la web.<\/p>\n<h3>Formularios de contacto<\/h3>\n<h3>Cookies<\/h3>\n<p>Si dejas un comentario en nuestro sitio puedes elegir guardar tu nombre, direcci\u00f3n de correo electr\u00f3nico y web en cookies. Esto es para tu comodidad, para que no tengas que volver a rellenar tus datos cuando dejes otro comentario. Estas cookies tendr\u00e1n una duraci\u00f3n de un a\u00f1o.<\/p>\n<p>Si tienes una cuenta y te conectas a este sitio, instalaremos una cookie temporal para determinar si tu navegador acepta cookies. Esta cookie no contiene datos personales y se elimina al cerrar el navegador.<\/p>\n<p>Cuando inicias sesi\u00f3n, tambi\u00e9n instalaremos varias cookies para guardar tu informaci\u00f3n de inicio de sesi\u00f3n y tus opciones de visualizaci\u00f3n de pantalla. Las cookies de inicio de sesi\u00f3n duran dos d\u00edas, y las cookies de opciones de pantalla duran un a\u00f1o. Si seleccionas \u00abRecordarme\u00bb, tu inicio de sesi\u00f3n perdurar\u00e1 durante dos semanas. Si sales de tu cuenta, las cookies de inicio de sesi\u00f3n se eliminar\u00e1n.<\/p>\n<p>Si editas o publicas un art\u00edculo se guardar\u00e1 una cookie adicional en tu navegador. Esta cookie no incluye datos personales y simplemente indica el ID del art\u00edculo que acabas de editar. Caduca despu\u00e9s de 1 d\u00eda.<\/p>\n<h3>Contenido incrustado de otros sitios web<\/h3>\n<p>Los art\u00edculos de este sitio pueden incluir contenido incrustado (por ejemplo, v\u00eddeos, im\u00e1genes, art\u00edculos, etc.). El contenido incrustado de otras web se comporta exactamente de la misma manera que si el visitante hubiera visitado la otra web.<\/p>\n<p>Estas web pueden recopilar datos sobre ti, utilizar cookies, incrustar un seguimiento adicional de terceros, y supervisar tu interacci\u00f3n con ese contenido incrustado, incluido el seguimiento de tu interacci\u00f3n con el contenido incrustado si tienes una cuenta y est\u00e1s conectado a esa web.<\/p>\n<h3>Anal\u00edtica<\/h3>\n<h2>Con qui\u00e9n compartimos tus datos<\/h2>\n<h2>Cu\u00e1nto tiempo conservamos tus datos<\/h2>\n<p>Si dejas un comentario, el comentario y sus metadatos se conservan indefinidamente. Esto es para que podamos reconocer y aprobar comentarios sucesivos autom\u00e1ticamente en lugar de mantenerlos en una cola de moderaci\u00f3n.<\/p>\n<p>De los usuarios que se registran en nuestra web (si los hay), tambi\u00e9n almacenamos la informaci\u00f3n personal que proporcionan en su perfil de usuario. Todos los usuarios pueden ver, editar o eliminar su informaci\u00f3n personal en cualquier momento (excepto que no pueden cambiar su nombre de usuario). Los administradores de la web tambi\u00e9n pueden ver y editar esa informaci\u00f3n.<\/p>\n<h2>Qu\u00e9 derechos tienes sobre tus datos<\/h2>\n<p>Si tienes una cuenta o has dejado comentarios en esta web, puedes solicitar recibir un archivo de exportaci\u00f3n de los datos personales que tenemos sobre ti, incluyendo cualquier dato que nos hayas proporcionado. Tambi\u00e9n puedes solicitar que eliminemos cualquier dato personal que tengamos sobre ti. Esto no incluye ning\u00fan dato que estemos obligados a conservar con fines administrativos, legales o de seguridad.<\/p>\n<h2>D\u00f3nde enviamos tus datos<\/h2>\n<p>Los comentarios de los visitantes puede que los revise un servicio de detecci\u00f3n autom\u00e1tica de spam.<\/p>\n<h2>Tu informaci\u00f3n de contacto<\/h2>\n<h2>Informaci\u00f3n adicional<\/h2>\n<h3>C\u00f3mo protegemos tus datos<\/h3>\n<h3>Qu\u00e9 procedimientos utilizamos contra las brechas de datos<\/h3>\n<h3>De qu\u00e9 terceros recibimos datos<\/h3>\n<h3>Qu\u00e9 tipo de toma de decisiones automatizada y\/o perfilado hacemos con los datos del usuario<\/h3>\n<h3>Requerimientos regulatorios de revelaci\u00f3n de informaci\u00f3n del sector<\/h3>\n","protected":false},"excerpt":{"rendered":"<p>El Titular le informa sobre su Pol\u00edtica de Privacidad respecto del tratamiento y protecci\u00f3n de los datos de car\u00e1cter personal de los usuarios que puedan ser recabados durante la navegaci\u00f3n a trav\u00e9s del Sitio Web: http:\/\/codingout.cat\/coop2 En este sentido, el Titular garantiza el cumplimiento de la normativa vigente en materia de protecci\u00f3n de datos personales, &#8230; <a title=\"Pol\u00edtica de privacidad\" class=\"read-more\" href=\"http:\/\/codingout.cat\/coop2\/index.php\/politica-privacidad\/\" aria-label=\"M\u00e1s en Pol\u00edtica de privacidad\">Leer m\u00e1s<\/a><\/p>\n","protected":false},"author":1,"featured_media":0,"parent":0,"menu_order":0,"comment_status":"closed","ping_status":"open","template":"","meta":[],"_links":{"self":[{"href":"http:\/\/codingout.cat\/coop2\/index.php\/wp-json\/wp\/v2\/pages\/158"}],"collection":[{"href":"http:\/\/codingout.cat\/coop2\/index.php\/wp-json\/wp\/v2\/pages"}],"about":[{"href":"http:\/\/codingout.cat\/coop2\/index.php\/wp-json\/wp\/v2\/types\/page"}],"author":[{"embeddable":true,"href":"http:\/\/codingout.cat\/coop2\/index.php\/wp-json\/wp\/v2\/users\/1"}],"replies":[{"embeddable":true,"href":"http:\/\/codingout.cat\/coop2\/index.php\/wp-json\/wp\/v2\/comments?post=158"}],"version-history":[{"count":1,"href":"http:\/\/codingout.cat\/coop2\/index.php\/wp-json\/wp\/v2\/pages\/158\/revisions"}],"predecessor-version":[{"id":1273,"href":"http:\/\/codingout.cat\/coop2\/index.php\/wp-json\/wp\/v2\/pages\/158\/revisions\/1273"}],"wp:attachment":[{"href":"http:\/\/codingout.cat\/coop2\/index.php\/wp-json\/wp\/v2\/media?parent=158"}],"curies":[{"name":"wp","href":"https:\/\/api.w.org\/{rel}","templated":true}]}}